{"id":6347,"date":"2024-08-30T08:59:23","date_gmt":"2024-08-30T08:59:23","guid":{"rendered":"https:\/\/www.klacianskamagura.sk\/?page_id=6347"},"modified":"2024-08-30T09:09:45","modified_gmt":"2024-08-30T09:09:45","slug":"dakujeme","status":"publish","type":"page","link":"https:\/\/www.klacianskamagura.sk\/en\/dakujeme\/","title":{"rendered":"\u010eakujeme"},"content":{"rendered":"<div data-elementor-type=\"wp-page\" data-elementor-id=\"6347\" class=\"elementor elementor-6347\" data-elementor-post-type=\"page\">\n\t\t\t\t<div class=\"elementor-element elementor-element-6e3f48a e-flex e-con-boxed e-con e-parent\" data-id=\"6e3f48a\" data-element_type=\"container\">\n\t\t\t\t\t<div class=\"e-con-inner\">\n\t\t\t\t<div class=\"elementor-element elementor-element-7458c46 elementor-view-default elementor-widget elementor-widget-icon\" data-id=\"7458c46\" data-element_type=\"widget\" data-widget_type=\"icon.default\">\n\t\t\t\t<div class=\"elementor-widget-container\">\n\t\t\t\t\t<div class=\"elementor-icon-wrapper\">\n\t\t\t<div class=\"elementor-icon\">\n\t\t\t<i aria-hidden=\"true\" class=\"far fa-check-circle\"><\/i>\t\t\t<\/div>\n\t\t<\/div>\n\t\t\t\t<\/div>\n\t\t\t\t<\/div>\n\t\t\t\t<div class=\"elementor-element elementor-element-51158da elementor-widget elementor-widget-text-editor\" data-id=\"51158da\" data-element_type=\"widget\" data-widget_type=\"text-editor.default\">\n\t\t\t\t<div class=\"elementor-widget-container\">\n\t\t\t        <div class=\"elementor-text-editor elementor-clearfix\"><p>\u010eakujeme za va\u0161u spr\u00e1vu. Budeme sa \u0148ou zaobera\u0165 \u010do najsk\u00f4r.<\/p><\/div>\n        \t\t<\/div>\n\t\t\t\t<\/div>\n\t\t\t\t\t<\/div>\n\t\t\t\t<\/div>\n\t\t\t\t<\/div>","protected":false},"excerpt":{"rendered":"<p>\u010eakujeme za va\u0161u spr\u00e1vu. Budeme sa \u0148ou zaobera\u0165 \u010do najsk\u00f4r.<\/p>","protected":false},"author":1,"featured_media":0,"parent":0,"menu_order":0,"comment_status":"closed","ping_status":"closed","template":"","meta":{"inline_featured_image":false,"footnotes":""},"class_list":["post-6347","page","type-page","status-publish","hentry"],"_links":{"self":[{"href":"https:\/\/www.klacianskamagura.sk\/en\/wp-json\/wp\/v2\/pages\/6347"}],"collection":[{"href":"https:\/\/www.klacianskamagura.sk\/en\/wp-json\/wp\/v2\/pages"}],"about":[{"href":"https:\/\/www.klacianskamagura.sk\/en\/wp-json\/wp\/v2\/types\/page"}],"author":[{"embeddable":true,"href":"https:\/\/www.klacianskamagura.sk\/en\/wp-json\/wp\/v2\/users\/1"}],"replies":[{"embeddable":true,"href":"https:\/\/www.klacianskamagura.sk\/en\/wp-json\/wp\/v2\/comments?post=6347"}],"version-history":[{"count":10,"href":"https:\/\/www.klacianskamagura.sk\/en\/wp-json\/wp\/v2\/pages\/6347\/revisions"}],"predecessor-version":[{"id":6358,"href":"https:\/\/www.klacianskamagura.sk\/en\/wp-json\/wp\/v2\/pages\/6347\/revisions\/6358"}],"wp:attachment":[{"href":"https:\/\/www.klacianskamagura.sk\/en\/wp-json\/wp\/v2\/media?parent=6347"}],"curies":[{"name":"wp","href":"https:\/\/api.w.org\/{rel}","templated":true}]}}