{"id":6027,"date":"2024-08-28T11:26:15","date_gmt":"2024-08-28T11:26:15","guid":{"rendered":"https:\/\/www.klacianskamagura.sk\/?page_id=6027"},"modified":"2024-09-04T19:07:54","modified_gmt":"2024-09-04T19:07:54","slug":"historia-chaty","status":"publish","type":"page","link":"https:\/\/www.klacianskamagura.sk\/en\/history\/","title":{"rendered":"History of cottage"},"content":{"rendered":"<div data-elementor-type=\"wp-page\" data-elementor-id=\"6027\" class=\"elementor elementor-6027\" data-elementor-post-type=\"page\">\n\t\t\t\t<div class=\"elementor-element elementor-element-e904a1a e-flex e-con-boxed e-con e-parent\" data-id=\"e904a1a\" data-element_type=\"container\">\n\t\t\t\t\t<div class=\"e-con-inner\">\n\t\t\t\t<div class=\"elementor-element elementor-element-7b7c34f elementor-widget elementor-widget-text-editor\" data-id=\"7b7c34f\" data-element_type=\"widget\" data-widget_type=\"text-editor.default\">\n\t\t\t\t<div class=\"elementor-widget-container\">\n\t\t\t        <div class=\"elementor-text-editor elementor-clearfix\"><p>Before the K\u013ea\u010dianska Magura Cottage was built, the Lamo\u0161 Shelter was constructed.<\/p><\/div>\n        \t\t<\/div>\n\t\t\t\t<\/div>\n\t\t\t\t\t<\/div>\n\t\t\t\t<\/div>\n\t\t\t\t<section class=\"elementor-section elementor-top-section elementor-element elementor-element-3a8b850e elementor-section-stretched elementor-reverse-tablet elementor-reverse-mobile elementor-section-boxed elementor-section-height-default elementor-section-height-default\" data-id=\"3a8b850e\" data-element_type=\"section\" data-settings=\"{&quot;stretch_section&quot;:&quot;section-stretched&quot;}\">\n\t\t\t\t\t\t<div class=\"elementor-container elementor-column-gap-no\">\n\t\t\t\t\t<div class=\"elementor-column elementor-col-50 elementor-top-column elementor-element elementor-element-60086a66\" data-id=\"60086a66\" data-element_type=\"column\">\n\t\t\t<div class=\"elementor-widget-wrap elementor-element-populated\">\n\t\t\t\t\t\t<div class=\"elementor-element elementor-element-73d3e66d elementor-align-center elementor-widget elementor-widget-heading\" data-id=\"73d3e66d\" data-element_type=\"widget\" data-widget_type=\"heading.default\">\n\t\t\t\t<div class=\"elementor-widget-container\">\n\t\t\t<span class=\"sub-title\">History<\/span><h2 class=\"elementor-heading-title elementor-size-default\">Lamo\u0161<br>Shelter<\/h2>\t\t<\/div>\n\t\t\t\t<\/div>\n\t\t\t\t<div class=\"elementor-element elementor-element-301e7773 elementor-widget elementor-widget-text-editor\" data-id=\"301e7773\" data-element_type=\"widget\" data-widget_type=\"text-editor.default\">\n\t\t\t\t<div class=\"elementor-widget-container\">\n\t\t\t        <div class=\"elementor-text-editor elementor-clearfix\"><p>The Vr\u00fatky branch of the K\u010cST (Club of Czechoslovak Tourists) decided to build the \"K\u013ea\u010dianska Shelter on Magura near Vr\u00fatky\" right at the upper edge of the forest meadow at an elevation of 1,175 meters above sea level. It was successfully completed on May 1, 1927. The individuals who contributed the most to its construction were Alojz Ta\u0161ner, the director of the local school, and railway officials Adolf Roubal and Dion\u00fdz Lamo\u0161.<\/p><p>The ceremonial opening of the shelter took place at the beginning of August 1927, with sixty-eight people in attendance, including guests from Moravia and the Czech lands. The log, two-story building cost just under 11,000 crowns, and stone and wood from the nearby area were used for its construction. The tables, benches, stove, and kitchen equipment were made and carried up by the hikers themselves. The walls were decorated with framed photographs by Mr. Unger from Lazov. Sleeping arrangements were in the attic, which provided space for twenty beds. In the first month alone, four hundred and fifteen tourists from all over Czechoslovakia stayed overnight in the shelter. The keys to the shelter were handed out to interested visitors by A. Ta\u0161ner and D. Lamo\u0161. The fee for an overnight stay was voluntary.<\/p><p>In 1930, the K\u013ea\u010dianska Shelter was expanded with an annex and a woodshed, increasing its capacity by twelve beds. That same year, a green-marked trail was built and marked from the shelter to a water source, which was later extended from Tur\u010dianske K\u013ea\u010dany to the summit of Such\u00fd. After the death of the first caretaker, D. Lamo\u0161, the shelter was renamed the Lamo\u0161 Shelter (he served as caretaker from 1926 to 1928 and again in 1935).<\/p><p>Other caretakers included R. Scheda (1929 \u2013 1932), K. \u0160tanzel (1933 \u2013 1934), J. Telehani\u010d (1935 \u2013 1939), and J. Jelen\u010d\u00edk (1941 \u2013 1944).<\/p><p>In 1935, the shelter was expanded again, adding a second kitchen equipped with utensils, and the sleeping capacity increased to forty beds. The price for an overnight stay was 3 K\u010ds, and in winter, 5 K\u010ds. The keys to the shelter could be picked up from Bohumil Prok\u0161a, a provisions merchant near the Vr\u00fatky railway station. On weekdays, the key was available from barber E. Cag\u00e1n at his barbershop in Vr\u00fatky. An interesting tradition from the past was the annual religious services held in the meadow below the shelter during the \"Days of the Mountains.\" Visitors to the shelter were greeted by the inscription: \"What was created with love, let good will preserve.\" In March 1943, the shelter applied for classification as a taproom, stating that \"\u2026 we serve and sell small quantities of distilled alcoholic beverages.\"<\/p><p>The Lamo\u0161 Shelter (like other cottages in Mal\u00e1 Fatra) was burned down by German soldiers on October 28, 1944, and was never rebuilt.<\/p><\/div>\n        \t\t<\/div>\n\t\t\t\t<\/div>\n\t\t\t\t\t<\/div>\n\t\t<\/div>\n\t\t\t\t<div class=\"elementor-column elementor-col-50 elementor-top-column elementor-element elementor-element-3b813f0\" data-id=\"3b813f0\" data-element_type=\"column\">\n\t\t\t<div class=\"elementor-widget-wrap elementor-element-populated\">\n\t\t\t\t\t\t<div class=\"elementor-element elementor-element-956d6dc elementor-align-center elementor-widget elementor-widget-heading\" data-id=\"956d6dc\" data-element_type=\"widget\" data-widget_type=\"heading.default\">\n\t\t\t\t<div class=\"elementor-widget-container\">\n\t\t\t<span class=\"sub-title\">History<\/span><h2 class=\"elementor-heading-title elementor-size-default\">Kla\u010diansk\u00e1 magura cottage<\/h2>\t\t<\/div>\n\t\t\t\t<\/div>\n\t\t\t\t<div class=\"elementor-element elementor-element-25b23ff elementor-widget elementor-widget-text-editor\" data-id=\"25b23ff\" data-element_type=\"widget\" data-widget_type=\"text-editor.default\">\n\t\t\t\t<div class=\"elementor-widget-container\">\n\t\t\t        <div class=\"elementor-text-editor elementor-clearfix\"><p>After the war, the reconstruction of destroyed cottages began, including the replacement of the Lamo\u0161 Shelter, which had been burned down. The construction of the K\u013ea\u010dianska Magura Cottage started in September 1948, and it was handed over for use as early as January 1949. It was situated slightly lower, at the site of the natural water flow from a captured spring. The architect was Karol Koza. As much as possible, materials from the vicinity of the construction site were used. The construction costs amounted to 1,426,128.20 K\u010ds. The cottage provided seventy beds in several rooms and a shared dormitory. It had its own electric lighting generated by an aggregate, a water supply, and heating provided by stoves. The most well-known caretakers of the cottage were M. Zimen Sr. and Jr., followed by Gejza Bur\u010d\u00edk (who was also the caretaker at the Chata pod Such\u00fdm), and later Kostra, Kri\u017ean, Koh\u00fat, Revick\u00fd, Chromec Sr. and Jr., and \u0160\u00fatovec.<\/p><p>In 1951, the cottage was administratively transferred to the ownership of the Unified Physical Education Organization Sokol.<\/p><p>Between 1950 and 1965, the most challenging slalom ski race in Slovakia, The Mal\u00e1 Fatra Cup, was held on Magura. The race course started above the current cottage, with the finish line located in the Pir\u0165a valley.<\/p><p>In 1955, the first ski lift in the Turiec region was built near the cottage, stretching from Dlh\u00e1 l\u00faka to the cottage. The lift's pulleys were partially mounted on trees, and it was powered by a diesel engine called Turdus. Between 1957 and 1960,<br \/>a project was developed for the construction of a new chairlift. It was planned to have 21 supports and 86 chairs, running from the K\u013ea\u010dianska valley to the cottage, with an elevation gain of 400 meters and a length of 1,100 meters. However, the construction was not realized due to financial issues.<\/p><p>The cottage at K\u013ea\u010dianska Magura has been renovated and modernized several times, and it is currently in operation year-round.<\/p><\/div>\n        \t\t<\/div>\n\t\t\t\t<\/div>\n\t\t\t\t\t<\/div>\n\t\t<\/div>\n\t\t\t\t\t<\/div>\n\t\t<\/section>\n\t\t\t\t<section class=\"elementor-section elementor-top-section elementor-element elementor-element-6f2dcaf7 elementor-section-stretched elementor-section-boxed elementor-section-height-default elementor-section-height-default\" data-id=\"6f2dcaf7\" data-element_type=\"section\" data-settings=\"{&quot;stretch_section&quot;:&quot;section-stretched&quot;}\">\n\t\t\t\t\t\t<div class=\"elementor-container elementor-column-gap-no\">\n\t\t\t\t\t<div class=\"elementor-column elementor-col-100 elementor-top-column elementor-element elementor-element-574e9d25\" data-id=\"574e9d25\" data-element_type=\"column\">\n\t\t\t<div class=\"elementor-widget-wrap elementor-element-populated\">\n\t\t\t\t\t\t<div class=\"elementor-element elementor-element-3e051ca5 elementor-filter-center elementor-widget elementor-widget-opal-image-gallery\" data-id=\"3e051ca5\" data-element_type=\"widget\" data-widget_type=\"opal-image-gallery.default\">\n\t\t\t\t<div class=\"elementor-widget-container\">\n\t\t\t            <ul class=\"elementor-galerry__filters\"\n                data-related=\"isotope-3e051ca5\">\n                <li class=\"elementor-galerry__filter elementor-active\"\n                    data-filter=\".__all\">All<\/li>\n                                    <li class=\"elementor-galerry__filter\"\n                        data-filter=\".gallery_group_0\">Lamo\u0161 Shelter<\/li>\n                                    <li class=\"elementor-galerry__filter\"\n                        data-filter=\".gallery_group_1\">K\u013ea\u010dianska magura Cottage<\/li>\n                            <\/ul>\n                    <div class=\"elementor-opal-image-gallery\">\n                        <div class=\"row grid gallery-visibility isotope-grid\" data-elementor-columns=\"3\" data-elementor-columns-tablet=\"2\" data-elementor-columns-mobile=\"2\">\n                                        <div class=\"column-item grid__item masonry-item __all gallery_group_0\">\n                            <a data-elementor-open-lightbox=\"no\"                                href=\"https:\/\/www.klacianskamagura.sk\/wp-content\/uploads\/2019\/08\/7-1.png\">\n                                <img decoding=\"async\" src=\"https:\/\/www.klacianskamagura.sk\/wp-content\/uploads\/2019\/08\/7-1.png\"\n                                     alt=\"7\"\/>\n                                <div class=\"gallery-item-overlay\">\n                                    <i class=\"opal-icon-search\"><\/i>\n                                <\/div>\n                            <\/a>\n                        <\/div>\n                                                <div class=\"column-item grid__item masonry-item __all gallery_group_0\">\n                            <a data-elementor-open-lightbox=\"no\"                                href=\"https:\/\/www.klacianskamagura.sk\/wp-content\/uploads\/2019\/08\/8.png\">\n                                <img decoding=\"async\" src=\"https:\/\/www.klacianskamagura.sk\/wp-content\/uploads\/2019\/08\/8.png\"\n                                     alt=\"8\"\/>\n                                <div class=\"gallery-item-overlay\">\n                                    <i class=\"opal-icon-search\"><\/i>\n                                <\/div>\n                            <\/a>\n                        <\/div>\n                                                <div class=\"column-item grid__item masonry-item __all gallery_group_0\">\n                            <a data-elementor-open-lightbox=\"no\"                                href=\"https:\/\/www.klacianskamagura.sk\/wp-content\/uploads\/2019\/08\/1-1.png\">\n                                <img decoding=\"async\" src=\"https:\/\/www.klacianskamagura.sk\/wp-content\/uploads\/2019\/08\/1-1.png\"\n                                     alt=\"1 (1)\"\/>\n                                <div class=\"gallery-item-overlay\">\n                                    <i class=\"opal-icon-search\"><\/i>\n                                <\/div>\n                            <\/a>\n                        <\/div>\n                                                <div class=\"column-item grid__item masonry-item __all gallery_group_0\">\n                            <a data-elementor-open-lightbox=\"no\"                                href=\"https:\/\/www.klacianskamagura.sk\/wp-content\/uploads\/2019\/08\/2-1.png\">\n                                <img decoding=\"async\" src=\"https:\/\/www.klacianskamagura.sk\/wp-content\/uploads\/2019\/08\/2-1.png\"\n                                     alt=\"2 (1)\"\/>\n                                <div class=\"gallery-item-overlay\">\n                                    <i class=\"opal-icon-search\"><\/i>\n                                <\/div>\n                            <\/a>\n                        <\/div>\n                                                <div class=\"column-item grid__item masonry-item __all gallery_group_0\">\n                            <a data-elementor-open-lightbox=\"no\"                                href=\"https:\/\/www.klacianskamagura.sk\/wp-content\/uploads\/2019\/08\/3-1.png\">\n                                <img decoding=\"async\" src=\"https:\/\/www.klacianskamagura.sk\/wp-content\/uploads\/2019\/08\/3-1.png\"\n                                     alt=\"3\"\/>\n                                <div class=\"gallery-item-overlay\">\n                                    <i class=\"opal-icon-search\"><\/i>\n                                <\/div>\n                            <\/a>\n                        <\/div>\n                                                <div class=\"column-item grid__item masonry-item __all gallery_group_0\">\n                            <a data-elementor-open-lightbox=\"no\"                                href=\"https:\/\/www.klacianskamagura.sk\/wp-content\/uploads\/2019\/08\/4-1.png\">\n                                <img decoding=\"async\" src=\"https:\/\/www.klacianskamagura.sk\/wp-content\/uploads\/2019\/08\/4-1.png\"\n                                     alt=\"4\"\/>\n                                <div class=\"gallery-item-overlay\">\n                                    <i class=\"opal-icon-search\"><\/i>\n                                <\/div>\n                            <\/a>\n                        <\/div>\n                                                <div class=\"column-item grid__item masonry-item __all gallery_group_0\">\n                            <a data-elementor-open-lightbox=\"no\"                                href=\"https:\/\/www.klacianskamagura.sk\/wp-content\/uploads\/2019\/08\/5-1.png\">\n                                <img decoding=\"async\" src=\"https:\/\/www.klacianskamagura.sk\/wp-content\/uploads\/2019\/08\/5-1.png\"\n                                     alt=\"5\"\/>\n                                <div class=\"gallery-item-overlay\">\n                                    <i class=\"opal-icon-search\"><\/i>\n                                <\/div>\n                            <\/a>\n                        <\/div>\n                                                <div class=\"column-item grid__item masonry-item __all gallery_group_0\">\n                            <a data-elementor-open-lightbox=\"no\"                                href=\"https:\/\/www.klacianskamagura.sk\/wp-content\/uploads\/2019\/08\/6-1.png\">\n                                <img decoding=\"async\" src=\"https:\/\/www.klacianskamagura.sk\/wp-content\/uploads\/2019\/08\/6-1.png\"\n                                     alt=\"6\"\/>\n                                <div class=\"gallery-item-overlay\">\n                                    <i class=\"opal-icon-search\"><\/i>\n                                <\/div>\n                            <\/a>\n                        <\/div>\n                                                <div class=\"column-item grid__item masonry-item __all gallery_group_1\">\n                            <a data-elementor-open-lightbox=\"no\"                                href=\"https:\/\/www.klacianskamagura.sk\/wp-content\/uploads\/2019\/08\/1.png\">\n                                <img decoding=\"async\" src=\"https:\/\/www.klacianskamagura.sk\/wp-content\/uploads\/2019\/08\/1.png\"\n                                     alt=\"1\"\/>\n                                <div class=\"gallery-item-overlay\">\n                                    <i class=\"opal-icon-search\"><\/i>\n                                <\/div>\n                            <\/a>\n                        <\/div>\n                                                <div class=\"column-item grid__item masonry-item __all gallery_group_1\">\n                            <a data-elementor-open-lightbox=\"no\"                                href=\"https:\/\/www.klacianskamagura.sk\/wp-content\/uploads\/2019\/08\/7.png\">\n                                <img decoding=\"async\" src=\"https:\/\/www.klacianskamagura.sk\/wp-content\/uploads\/2019\/08\/7.png\"\n                                     alt=\"7\"\/>\n                                <div class=\"gallery-item-overlay\">\n                                    <i class=\"opal-icon-search\"><\/i>\n                                <\/div>\n                            <\/a>\n                        <\/div>\n                                                <div class=\"column-item grid__item masonry-item __all gallery_group_1\">\n                            <a data-elementor-open-lightbox=\"no\"                                href=\"https:\/\/www.klacianskamagura.sk\/wp-content\/uploads\/2019\/08\/6.png\">\n                                <img decoding=\"async\" src=\"https:\/\/www.klacianskamagura.sk\/wp-content\/uploads\/2019\/08\/6.png\"\n                                     alt=\"6\"\/>\n                                <div class=\"gallery-item-overlay\">\n                                    <i class=\"opal-icon-search\"><\/i>\n                                <\/div>\n                            <\/a>\n                        <\/div>\n                                                <div class=\"column-item grid__item masonry-item __all gallery_group_1\">\n                            <a data-elementor-open-lightbox=\"no\"                                href=\"https:\/\/www.klacianskamagura.sk\/wp-content\/uploads\/2019\/08\/5.png\">\n                                <img decoding=\"async\" src=\"https:\/\/www.klacianskamagura.sk\/wp-content\/uploads\/2019\/08\/5.png\"\n                                     alt=\"5\"\/>\n                                <div class=\"gallery-item-overlay\">\n                                    <i class=\"opal-icon-search\"><\/i>\n                                <\/div>\n                            <\/a>\n                        <\/div>\n                                                <div class=\"column-item grid__item masonry-item __all gallery_group_1\">\n                            <a data-elementor-open-lightbox=\"no\"                                href=\"https:\/\/www.klacianskamagura.sk\/wp-content\/uploads\/2019\/08\/4.png\">\n                                <img decoding=\"async\" src=\"https:\/\/www.klacianskamagura.sk\/wp-content\/uploads\/2019\/08\/4.png\"\n                                     alt=\"4\"\/>\n                                <div class=\"gallery-item-overlay\">\n                                    <i class=\"opal-icon-search\"><\/i>\n                                <\/div>\n                            <\/a>\n                        <\/div>\n                                                <div class=\"column-item grid__item masonry-item __all gallery_group_1\">\n                            <a data-elementor-open-lightbox=\"no\"                                href=\"https:\/\/www.klacianskamagura.sk\/wp-content\/uploads\/2019\/08\/3.png\">\n                                <img decoding=\"async\" src=\"https:\/\/www.klacianskamagura.sk\/wp-content\/uploads\/2019\/08\/3.png\"\n                                     alt=\"\"\/>\n                                <div class=\"gallery-item-overlay\">\n                                    <i class=\"opal-icon-search\"><\/i>\n                                <\/div>\n                            <\/a>\n                        <\/div>\n                                                <div class=\"column-item grid__item masonry-item __all gallery_group_1\">\n                            <a data-elementor-open-lightbox=\"no\"                                href=\"https:\/\/www.klacianskamagura.sk\/wp-content\/uploads\/2019\/08\/2.png\">\n                                <img decoding=\"async\" src=\"https:\/\/www.klacianskamagura.sk\/wp-content\/uploads\/2019\/08\/2.png\"\n                                     alt=\"2\"\/>\n                                <div class=\"gallery-item-overlay\">\n                                    <i class=\"opal-icon-search\"><\/i>\n                                <\/div>\n                            <\/a>\n                        <\/div>\n                                                <div class=\"column-item grid__item masonry-item __all gallery_group_1\">\n                            <a data-elementor-open-lightbox=\"no\"                                href=\"https:\/\/www.klacianskamagura.sk\/wp-content\/uploads\/2019\/08\/11.png\">\n                                <img decoding=\"async\" src=\"https:\/\/www.klacianskamagura.sk\/wp-content\/uploads\/2019\/08\/11.png\"\n                                     alt=\"11\"\/>\n                                <div class=\"gallery-item-overlay\">\n                                    <i class=\"opal-icon-search\"><\/i>\n                                <\/div>\n                            <\/a>\n                        <\/div>\n                                                <div class=\"column-item grid__item masonry-item __all gallery_group_1\">\n                            <a data-elementor-open-lightbox=\"no\"                                href=\"https:\/\/www.klacianskamagura.sk\/wp-content\/uploads\/2019\/08\/10.png\">\n                                <img decoding=\"async\" src=\"https:\/\/www.klacianskamagura.sk\/wp-content\/uploads\/2019\/08\/10.png\"\n                                     alt=\"10\"\/>\n                                <div class=\"gallery-item-overlay\">\n                                    <i class=\"opal-icon-search\"><\/i>\n                                <\/div>\n                            <\/a>\n                        <\/div>\n                                                <div class=\"column-item grid__item masonry-item __all gallery_group_1\">\n                            <a data-elementor-open-lightbox=\"no\"                                href=\"https:\/\/www.klacianskamagura.sk\/wp-content\/uploads\/2019\/08\/12.png\">\n                                <img decoding=\"async\" src=\"https:\/\/www.klacianskamagura.sk\/wp-content\/uploads\/2019\/08\/12.png\"\n                                     alt=\"12\"\/>\n                                <div class=\"gallery-item-overlay\">\n                                    <i class=\"opal-icon-search\"><\/i>\n                                <\/div>\n                            <\/a>\n                        <\/div>\n                                    <\/div>\n        <\/div>\n        \t\t<\/div>\n\t\t\t\t<\/div>\n\t\t\t\t\t<\/div>\n\t\t<\/div>\n\t\t\t\t\t<\/div>\n\t\t<\/section>\n\t\t<div class=\"elementor-element elementor-element-538f6ed e-flex e-con-boxed e-con e-parent\" data-id=\"538f6ed\" data-element_type=\"container\">\n\t\t\t\t\t<div class=\"e-con-inner\">\n\t\t\t\t<div class=\"elementor-element elementor-element-880efc6 elementor-widget elementor-widget-text-editor\" data-id=\"880efc6\" data-element_type=\"widget\" data-widget_type=\"text-editor.default\">\n\t\t\t\t<div class=\"elementor-widget-container\">\n\t\t\t        <div class=\"elementor-text-editor elementor-clearfix\"><p>Source: \u00datulne a chaty Mal\u00e1 Fatra, Turistick\u00e9 objekty postaven\u00e9 do roku 1949 (Andrej Bend\u00edk, \u013dubom\u00edr Bern\u00e1t, Miroslav Herchl, Ladislav Khandl)<\/p><\/div>\n        \t\t<\/div>\n\t\t\t\t<\/div>\n\t\t\t\t\t<\/div>\n\t\t\t\t<\/div>\n\t\t\t\t<\/div>","protected":false},"excerpt":{"rendered":"<p>Sk\u00f4r ako vznikla Chata na K\u013ea\u010dianskej Magure bola postaven\u00e1 Lamo\u0161ova \u00fatul\u0148a. Hist\u00f3ria Lamo\u0161ova\u00fatul\u0148a Odbor K\u010cST (Klub \u010deskoslovensk\u00fdch turistov) vo Vr\u00fatkach sa rozhodol postavi\u0165 tesne na hornom okraji lesnej po\u013eany vo v\u00fd\u0161ke 1 175 m.n.m. \u201eK\u013ea\u010diansku \u00fatul\u0148u na Magure pri Vr\u00fatkach\u201c. \u00daspe\u0161ne bola dokon\u010den\u00e1 1. m\u00e1ja 1927. O jej vybudovanie sa najviac zasl\u00fa\u017eili Alojz Ta\u0161ner, riadite\u013e &hellip; <span class=\"more-link-wrap\"><a href=\"https:\/\/www.klacianskamagura.sk\/en\/history\/\" class=\"more-link\">Read More <span class=\"screen-reader-text\"> &#8222;Hist\u00f3ria chaty&#8220;<\/span><\/a><\/span><\/p>","protected":false},"author":1,"featured_media":0,"parent":0,"menu_order":0,"comment_status":"closed","ping_status":"closed","template":"","meta":{"inline_featured_image":false,"footnotes":""},"class_list":["post-6027","page","type-page","status-publish","hentry"],"_links":{"self":[{"href":"https:\/\/www.klacianskamagura.sk\/en\/wp-json\/wp\/v2\/pages\/6027"}],"collection":[{"href":"https:\/\/www.klacianskamagura.sk\/en\/wp-json\/wp\/v2\/pages"}],"about":[{"href":"https:\/\/www.klacianskamagura.sk\/en\/wp-json\/wp\/v2\/types\/page"}],"author":[{"embeddable":true,"href":"https:\/\/www.klacianskamagura.sk\/en\/wp-json\/wp\/v2\/users\/1"}],"replies":[{"embeddable":true,"href":"https:\/\/www.klacianskamagura.sk\/en\/wp-json\/wp\/v2\/comments?post=6027"}],"version-history":[{"count":34,"href":"https:\/\/www.klacianskamagura.sk\/en\/wp-json\/wp\/v2\/pages\/6027\/revisions"}],"predecessor-version":[{"id":6920,"href":"https:\/\/www.klacianskamagura.sk\/en\/wp-json\/wp\/v2\/pages\/6027\/revisions\/6920"}],"wp:attachment":[{"href":"https:\/\/www.klacianskamagura.sk\/en\/wp-json\/wp\/v2\/media?parent=6027"}],"curies":[{"name":"wp","href":"https:\/\/api.w.org\/{rel}","templated":true}]}}