{"id":5735,"date":"2024-08-27T09:26:59","date_gmt":"2024-08-27T09:26:59","guid":{"rendered":"https:\/\/www.klacianskamagura.sk\/?page_id=5735"},"modified":"2024-08-27T09:41:23","modified_gmt":"2024-08-27T09:41:23","slug":"ubytovanie-2","status":"publish","type":"page","link":"https:\/\/www.klacianskamagura.sk\/en\/ubytovanie-2\/","title":{"rendered":"Ubytovanie 2"},"content":{"rendered":"<div data-elementor-type=\"wp-page\" data-elementor-id=\"5735\" class=\"elementor elementor-5735\" data-elementor-post-type=\"page\">\n\t\t\t\t<div class=\"elementor-element elementor-element-2cbebb9 e-flex e-con-boxed e-con e-parent\" data-id=\"2cbebb9\" data-element_type=\"container\">\n\t\t\t\t\t<div class=\"e-con-inner\">\n\t\t\t\t<div class=\"elementor-element elementor-element-1f98045 elementor-widget elementor-widget-text-editor\" data-id=\"1f98045\" data-element_type=\"widget\" data-widget_type=\"text-editor.default\">\n\t\t\t\t<div class=\"elementor-widget-container\">\n\t\t\t        <div class=\"elementor-text-editor elementor-clearfix\"><p>Poskytujeme noc\u013eah pre 31 \u013eud\u00ed (1x 10l\u00f4\u017ekov\u00e1 izba, 1x 4l\u00f4\u017ekov\u00e1 izba, 5x 3l\u00f4\u017ekov\u00e1 izba, 1x 2l\u00f4\u017ekov\u00e1 izba) <br \/>Please note that we are a tourist cottage, and the room allocation is therefore determined based on current availability.<\/p><p>Looking forward to seeing you.<\/p><p>Accommodation with dogs is NOT allowed.<\/p><p>Cena za l\u00f4\u017eko je 22 \u20ac (zah\u0155\u0148a poste\u013en\u00e9 pr\u00e1dlo)<\/p><p>\u010clenovia KST maj\u00fa 20 % z\u013eavu (po preuk\u00e1zan\u00ed sa platn\u00fdm preukazom)<\/p><p>Akceptujeme aj platbu kartou.<\/p><p>Rezervujte mailom na <a href=\"mailto:info@klacianskamagura.sk\">info@klacianskamagura.sk<\/a> alebo SMS na \u010d\u00edsle <a href=\"tel:0907338871\">00421 907 338 871<\/a><\/p><\/div>\n        \t\t<\/div>\n\t\t\t\t<\/div>\n\t\t<div class=\"elementor-element elementor-element-c13d04b e-con-full e-flex e-con e-child\" data-id=\"c13d04b\" data-element_type=\"container\">\n\t\t<div class=\"elementor-element elementor-element-8d03aab e-grid e-con-full e-con e-child\" data-id=\"8d03aab\" data-element_type=\"container\">\n\t\t\t\t<div class=\"elementor-element elementor-element-d8d296e elementor-widget elementor-widget-image\" data-id=\"d8d296e\" data-element_type=\"widget\" data-widget_type=\"image.default\">\n\t\t\t\t<div class=\"elementor-widget-container\">\n\t\t\t\t\t\t\t\t\t\t\t\t\t<img decoding=\"async\" src=\"https:\/\/www.klacianskamagura.sk\/wp-content\/plugins\/elementor\/assets\/images\/placeholder.png\" title=\"\" alt=\"\" loading=\"lazy\" \/>\t\t\t\t\t\t\t\t\t\t\t\t\t<\/div>\n\t\t\t\t<\/div>\n\t\t\t\t<div class=\"elementor-element elementor-element-d55cfa0 elementor-widget elementor-widget-text-editor\" data-id=\"d55cfa0\" data-element_type=\"widget\" data-widget_type=\"text-editor.default\">\n\t\t\t\t<div class=\"elementor-widget-container\">\n\t\t\t        <div class=\"elementor-text-editor elementor-clearfix\"><h2>10 l\u00f4\u017ekov\u00e1 izba<\/h2><\/div>\n        \t\t<\/div>\n\t\t\t\t<\/div>\n\t\t\t\t<div class=\"elementor-element elementor-element-865e5a8 elementor-widget elementor-widget-image\" data-id=\"865e5a8\" data-element_type=\"widget\" data-widget_type=\"image.default\">\n\t\t\t\t<div class=\"elementor-widget-container\">\n\t\t\t\t\t\t\t\t\t\t\t\t\t<img decoding=\"async\" src=\"https:\/\/www.klacianskamagura.sk\/wp-content\/plugins\/elementor\/assets\/images\/placeholder.png\" title=\"\" alt=\"\" loading=\"lazy\" \/>\t\t\t\t\t\t\t\t\t\t\t\t\t<\/div>\n\t\t\t\t<\/div>\n\t\t\t\t<div class=\"elementor-element elementor-element-1a0f046 elementor-widget elementor-widget-text-editor\" data-id=\"1a0f046\" data-element_type=\"widget\" data-widget_type=\"text-editor.default\">\n\t\t\t\t<div class=\"elementor-widget-container\">\n\t\t\t        <div class=\"elementor-text-editor elementor-clearfix\"><h2>4l\u00f4\u017ekov\u00e1 izba<\/h2><\/div>\n        \t\t<\/div>\n\t\t\t\t<\/div>\n\t\t\t\t<div class=\"elementor-element elementor-element-4e87704 elementor-widget elementor-widget-image\" data-id=\"4e87704\" data-element_type=\"widget\" data-widget_type=\"image.default\">\n\t\t\t\t<div class=\"elementor-widget-container\">\n\t\t\t\t\t\t\t\t\t\t\t\t\t<img decoding=\"async\" src=\"https:\/\/www.klacianskamagura.sk\/wp-content\/plugins\/elementor\/assets\/images\/placeholder.png\" title=\"\" alt=\"\" loading=\"lazy\" \/>\t\t\t\t\t\t\t\t\t\t\t\t\t<\/div>\n\t\t\t\t<\/div>\n\t\t\t\t<div class=\"elementor-element elementor-element-94eb0da elementor-widget elementor-widget-text-editor\" data-id=\"94eb0da\" data-element_type=\"widget\" data-widget_type=\"text-editor.default\">\n\t\t\t\t<div class=\"elementor-widget-container\">\n\t\t\t        <div class=\"elementor-text-editor elementor-clearfix\"><h2>3l\u00f4\u017ekov\u00e1 izba<\/h2><\/div>\n        \t\t<\/div>\n\t\t\t\t<\/div>\n\t\t\t\t<div class=\"elementor-element elementor-element-dd7dd41 elementor-widget elementor-widget-image\" data-id=\"dd7dd41\" data-element_type=\"widget\" data-widget_type=\"image.default\">\n\t\t\t\t<div class=\"elementor-widget-container\">\n\t\t\t\t\t\t\t\t\t\t\t\t\t<img decoding=\"async\" src=\"https:\/\/www.klacianskamagura.sk\/wp-content\/plugins\/elementor\/assets\/images\/placeholder.png\" title=\"\" alt=\"\" loading=\"lazy\" \/>\t\t\t\t\t\t\t\t\t\t\t\t\t<\/div>\n\t\t\t\t<\/div>\n\t\t\t\t<div class=\"elementor-element elementor-element-aa938b6 elementor-widget elementor-widget-text-editor\" data-id=\"aa938b6\" data-element_type=\"widget\" data-widget_type=\"text-editor.default\">\n\t\t\t\t<div class=\"elementor-widget-container\">\n\t\t\t        <div class=\"elementor-text-editor elementor-clearfix\"><h2>2l\u00f4\u017ekov\u00e1 izba<\/h2><\/div>\n        \t\t<\/div>\n\t\t\t\t<\/div>\n\t\t\t\t<\/div>\n\t\t\t\t<\/div>\n\t\t\t\t\t<\/div>\n\t\t\t\t<\/div>\n\t\t\t\t<\/div>","protected":false},"excerpt":{"rendered":"<p>Poskytujeme noc\u013eah pre 31 \u013eud\u00ed (1x 10l\u00f4\u017ekov\u00e1 izba, 1x 4l\u00f4\u017ekov\u00e1 izba, 5x 3l\u00f4\u017ekov\u00e1 izba, 1x 2l\u00f4\u017ekov\u00e1 izba) Berte, pros\u00edm, na vedomie, \u017ee sme turistick\u00e1 chata a rozdelenie na izby sa preto ur\u010duje pod\u013ea aktu\u00e1lnej obsadenosti. Noc\u013eah\u00e1re\u0148 \u2013 aktu\u00e1lne mimo prev\u00e1dzku, v rekon\u0161trukcii. Ubytovanie so psom NIE JE mo\u017en\u00e9. Cena za l\u00f4\u017eko je 22 \u20ac (zah\u0155\u0148a &hellip; <span class=\"more-link-wrap\"><a href=\"https:\/\/www.klacianskamagura.sk\/en\/ubytovanie-2\/\" class=\"more-link\">Read More <span class=\"screen-reader-text\"> &#8222;Ubytovanie 2&#8220;<\/span><\/a><\/span><\/p>","protected":false},"author":1,"featured_media":0,"parent":0,"menu_order":0,"comment_status":"closed","ping_status":"closed","template":"","meta":{"inline_featured_image":false,"footnotes":""},"class_list":["post-5735","page","type-page","status-publish","hentry"],"_links":{"self":[{"href":"https:\/\/www.klacianskamagura.sk\/en\/wp-json\/wp\/v2\/pages\/5735"}],"collection":[{"href":"https:\/\/www.klacianskamagura.sk\/en\/wp-json\/wp\/v2\/pages"}],"about":[{"href":"https:\/\/www.klacianskamagura.sk\/en\/wp-json\/wp\/v2\/types\/page"}],"author":[{"embeddable":true,"href":"https:\/\/www.klacianskamagura.sk\/en\/wp-json\/wp\/v2\/users\/1"}],"replies":[{"embeddable":true,"href":"https:\/\/www.klacianskamagura.sk\/en\/wp-json\/wp\/v2\/comments?post=5735"}],"version-history":[{"count":7,"href":"https:\/\/www.klacianskamagura.sk\/en\/wp-json\/wp\/v2\/pages\/5735\/revisions"}],"predecessor-version":[{"id":5742,"href":"https:\/\/www.klacianskamagura.sk\/en\/wp-json\/wp\/v2\/pages\/5735\/revisions\/5742"}],"wp:attachment":[{"href":"https:\/\/www.klacianskamagura.sk\/en\/wp-json\/wp\/v2\/media?parent=5735"}],"curies":[{"name":"wp","href":"https:\/\/api.w.org\/{rel}","templated":true}]}}