{"id":5714,"date":"2024-08-27T08:50:56","date_gmt":"2024-08-27T08:50:56","guid":{"rendered":"https:\/\/www.klacianskamagura.sk\/?page_id=5714"},"modified":"2025-01-30T13:51:36","modified_gmt":"2025-01-30T13:51:36","slug":"stravovanie","status":"publish","type":"page","link":"https:\/\/www.klacianskamagura.sk\/en\/catering\/","title":{"rendered":"Restaurant"},"content":{"rendered":"<div data-elementor-type=\"wp-page\" data-elementor-id=\"5714\" class=\"elementor elementor-5714\" data-elementor-post-type=\"page\">\n\t\t\t\t\t\t<section class=\"elementor-section elementor-top-section elementor-element elementor-element-5734b2e elementor-section-stretched elementor-reverse-tablet elementor-reverse-mobile elementor-section-boxed elementor-section-height-default elementor-section-height-default\" data-id=\"5734b2e\" data-element_type=\"section\" data-settings=\"{&quot;stretch_section&quot;:&quot;section-stretched&quot;,&quot;background_background&quot;:&quot;classic&quot;}\">\n\t\t\t\t\t\t<div class=\"elementor-container elementor-column-gap-no\">\n\t\t\t\t\t<div class=\"elementor-column elementor-col-50 elementor-top-column elementor-element elementor-element-1f4a42a3 opal-image-clip-left-md animated-fast elementor-invisible\" data-id=\"1f4a42a3\" data-element_type=\"column\" data-settings=\"{&quot;animation&quot;:&quot;opal-move-up&quot;}\">\n\t\t\t<div class=\"elementor-widget-wrap elementor-element-populated\">\n\t\t\t\t\t\t<div class=\"elementor-element elementor-element-5dd9258a elementor-widget elementor-widget-image\" data-id=\"5dd9258a\" data-element_type=\"widget\" data-widget_type=\"image.default\">\n\t\t\t\t<div class=\"elementor-widget-container\">\n\t\t\t\t\t\t\t\t\t\t\t\t\t<img fetchpriority=\"high\" decoding=\"async\" width=\"1512\" height=\"2016\" src=\"https:\/\/www.klacianskamagura.sk\/wp-content\/uploads\/2024\/09\/image1.jpeg\" class=\"attachment-full size-full wp-image-6631\" alt=\"\" srcset=\"https:\/\/www.klacianskamagura.sk\/wp-content\/uploads\/2024\/09\/image1.jpeg 1512w, https:\/\/www.klacianskamagura.sk\/wp-content\/uploads\/2024\/09\/image1-225x300.jpeg 225w, https:\/\/www.klacianskamagura.sk\/wp-content\/uploads\/2024\/09\/image1-768x1024.jpeg 768w, https:\/\/www.klacianskamagura.sk\/wp-content\/uploads\/2024\/09\/image1-1152x1536.jpeg 1152w, https:\/\/www.klacianskamagura.sk\/wp-content\/uploads\/2024\/09\/image1-700x933.jpeg 700w\" sizes=\"(max-width: 1512px) 100vw, 1512px\" \/>\t\t\t\t\t\t\t\t\t\t\t\t\t<\/div>\n\t\t\t\t<\/div>\n\t\t\t\t\t<\/div>\n\t\t<\/div>\n\t\t\t\t<div class=\"elementor-column elementor-col-50 elementor-top-column elementor-element elementor-element-80d1e19\" data-id=\"80d1e19\" data-element_type=\"column\">\n\t\t\t<div class=\"elementor-widget-wrap elementor-element-populated\">\n\t\t\t\t\t\t<div class=\"elementor-element elementor-element-340d84d5 elementor-align-center elementor-widget elementor-widget-heading\" data-id=\"340d84d5\" data-element_type=\"widget\" data-widget_type=\"heading.default\">\n\t\t\t\t<div class=\"elementor-widget-container\">\n\t\t\t<span class=\"sub-title\">Kitchen<\/span><h2 class=\"elementor-heading-title elementor-size-default\">Year-round <br>operation<\/h2>\t\t<\/div>\n\t\t\t\t<\/div>\n\t\t\t\t<div class=\"elementor-element elementor-element-7414e2eb elementor-widget elementor-widget-text-editor\" data-id=\"7414e2eb\" data-element_type=\"widget\" data-widget_type=\"text-editor.default\">\n\t\t\t\t<div class=\"elementor-widget-container\">\n\t\t\t        <div class=\"elementor-text-editor elementor-clearfix\"><p>We offer traditional Slovak dishes made from high-quality ingredients. Soups, meat dishes, sweet meals, and of course, Martins beer from the local brewery in Martin. Breakfast is available for guests who are staying with us.<\/p><\/div>\n        \t\t<\/div>\n\t\t\t\t<\/div>\n\t\t\t\t<section class=\"elementor-section elementor-inner-section elementor-element elementor-element-7af8bdd3 elementor-section-content-middle elementor-section-boxed elementor-section-height-default elementor-section-height-default\" data-id=\"7af8bdd3\" data-element_type=\"section\">\n\t\t\t\t\t\t<div class=\"elementor-container elementor-column-gap-no\">\n\t\t\t\t\t<div class=\"elementor-column elementor-col-50 elementor-inner-column elementor-element elementor-element-325ba586\" data-id=\"325ba586\" data-element_type=\"column\">\n\t\t\t<div class=\"elementor-widget-wrap elementor-element-populated\">\n\t\t\t\t\t\t<div class=\"elementor-element elementor-element-7523695b elementor-widget elementor-widget-image\" data-id=\"7523695b\" data-element_type=\"widget\" data-widget_type=\"image.default\">\n\t\t\t\t<div class=\"elementor-widget-container\">\n\t\t\t\t\t\t\t\t\t\t\t\t\t<img decoding=\"async\" width=\"204\" height=\"204\" src=\"https:\/\/www.klacianskamagura.sk\/wp-content\/uploads\/2019\/12\/restaurant_dish.png\" class=\"attachment-full size-full wp-image-2532\" alt=\"\" srcset=\"https:\/\/www.klacianskamagura.sk\/wp-content\/uploads\/2019\/12\/restaurant_dish.png 204w, https:\/\/www.klacianskamagura.sk\/wp-content\/uploads\/2019\/12\/restaurant_dish-150x150.png 150w, https:\/\/www.klacianskamagura.sk\/wp-content\/uploads\/2019\/12\/restaurant_dish-100x100.png 100w\" sizes=\"(max-width: 204px) 100vw, 204px\" \/>\t\t\t\t\t\t\t\t\t\t\t\t\t<\/div>\n\t\t\t\t<\/div>\n\t\t\t\t\t<\/div>\n\t\t<\/div>\n\t\t\t\t<div class=\"elementor-column elementor-col-50 elementor-inner-column elementor-element elementor-element-1c73c617\" data-id=\"1c73c617\" data-element_type=\"column\">\n\t\t\t<div class=\"elementor-widget-wrap elementor-element-populated\">\n\t\t\t\t\t\t<div class=\"elementor-element elementor-element-7d99521f elementor-align-left elementor-widget elementor-widget-heading\" data-id=\"7d99521f\" data-element_type=\"widget\" data-widget_type=\"heading.default\">\n\t\t\t\t<div class=\"elementor-widget-container\">\n\t\t\t<h2 class=\"elementor-heading-title elementor-size-default\">Opening hours every day<\/h2>\t\t<\/div>\n\t\t\t\t<\/div>\n\t\t\t\t<div class=\"elementor-element elementor-element-592248e7 elementor-widget elementor-widget-text-editor\" data-id=\"592248e7\" data-element_type=\"widget\" data-widget_type=\"text-editor.default\">\n\t\t\t\t<div class=\"elementor-widget-container\">\n\t\t\t        <div class=\"elementor-text-editor elementor-clearfix\"><p><a style=\"color: #000000;\">Kitchen<\/a> 7:00 &#8211; 21:00<br \/><a style=\"color: #000000;\">Pub<\/a> do 22:00<\/p><\/div>\n        \t\t<\/div>\n\t\t\t\t<\/div>\n\t\t\t\t\t<\/div>\n\t\t<\/div>\n\t\t\t\t\t<\/div>\n\t\t<\/section>\n\t\t\t\t\t<\/div>\n\t\t<\/div>\n\t\t\t\t\t<\/div>\n\t\t<\/section>\n\t\t\t\t<\/div>","protected":false},"excerpt":{"rendered":"<p>Kuchy\u0148a Celoro\u010dn\u00e1 prev\u00e1dzka Pon\u00fakame tradi\u010dn\u00e9 slovensk\u00e9 jedl\u00e1 z kvalitn\u00fdch surov\u00edn. Polievky, m\u00e4sov\u00e9 aj sladk\u00e9 jedl\u00e1 a samozrejme pivo Martins z region\u00e1lneho pivovaru v Martine. Pre ubytovan\u00fdch je mo\u017enos\u0165 objedna\u0165 si ra\u0148ajky. OTV\u00c1RACIE HODINY KA\u017eD\u00fd DE\u0148 Kuchy\u0148a: 7:00 &#8211; 21:00Bar: do 22:00<\/p>","protected":false},"author":1,"featured_media":0,"parent":0,"menu_order":0,"comment_status":"closed","ping_status":"closed","template":"","meta":{"inline_featured_image":false,"footnotes":""},"class_list":["post-5714","page","type-page","status-publish","hentry"],"_links":{"self":[{"href":"https:\/\/www.klacianskamagura.sk\/en\/wp-json\/wp\/v2\/pages\/5714"}],"collection":[{"href":"https:\/\/www.klacianskamagura.sk\/en\/wp-json\/wp\/v2\/pages"}],"about":[{"href":"https:\/\/www.klacianskamagura.sk\/en\/wp-json\/wp\/v2\/types\/page"}],"author":[{"embeddable":true,"href":"https:\/\/www.klacianskamagura.sk\/en\/wp-json\/wp\/v2\/users\/1"}],"replies":[{"embeddable":true,"href":"https:\/\/www.klacianskamagura.sk\/en\/wp-json\/wp\/v2\/comments?post=5714"}],"version-history":[{"count":37,"href":"https:\/\/www.klacianskamagura.sk\/en\/wp-json\/wp\/v2\/pages\/5714\/revisions"}],"predecessor-version":[{"id":6904,"href":"https:\/\/www.klacianskamagura.sk\/en\/wp-json\/wp\/v2\/pages\/5714\/revisions\/6904"}],"wp:attachment":[{"href":"https:\/\/www.klacianskamagura.sk\/en\/wp-json\/wp\/v2\/media?parent=5714"}],"curies":[{"name":"wp","href":"https:\/\/api.w.org\/{rel}","templated":true}]}}