{"id":3,"date":"2024-08-23T12:00:07","date_gmt":"2024-08-23T12:00:07","guid":{"rendered":"http:\/\/klacianskamagura.sk\/?page_id=3"},"modified":"2024-08-27T11:37:54","modified_gmt":"2024-08-27T11:37:54","slug":"osobne-udaje","status":"publish","type":"page","link":"https:\/\/www.klacianskamagura.sk\/en\/osobne-udaje\/","title":{"rendered":"Ochrana osobn\u00fdch \u00fadajov"},"content":{"rendered":"<div data-elementor-type=\"wp-page\" data-elementor-id=\"3\" class=\"elementor elementor-3\" data-elementor-post-type=\"page\">\n\t\t\t\t<div class=\"elementor-element elementor-element-6e045b25 e-flex e-con-boxed e-con e-parent\" data-id=\"6e045b25\" data-element_type=\"container\">\n\t\t\t\t\t<div class=\"e-con-inner\">\n\t\t\t\t<div class=\"elementor-element elementor-element-54168869 elementor-widget elementor-widget-text-editor\" data-id=\"54168869\" data-element_type=\"widget\" data-widget_type=\"text-editor.default\">\n\t\t\t\t<div class=\"elementor-widget-container\">\n\t\t\t        <div class=\"elementor-text-editor elementor-clearfix\"><!-- wp:html -->\n\n<p>v s\u00falade s \u010dl\u00e1nkom 13 Nariadenia Eur\u00f3pskeho parlamentu a Rady (EU\u0301) 2016\/679 (\u010falej len \u201eGDPR\u201c) a v s\u00falade s \u00a719 z\u00e1kona \u010d. 18\/2018 Z. z. o ochrane osobn\u00fdch \u00fadajov (\u010falej len \u201eZ\u00e1kon\u201c) V\u00e1\u017een\u00ed klienti, v t\u00fdchto podmienkach ochrany s\u00fakromia V\u00e1m chceme poskytn\u00fa\u0165 podrobn\u00e9 a zrozumite\u013en\u00e9 inform\u00e1cie o Va\u0161ich pr\u00e1vach a podmienkach sprac\u00favania Va\u0161ich osobn\u00fdch \u00fadajov prostredn\u00edctvom na\u0161ej organiz\u00e1cie v s\u00falade s \u010dl\u00e1nkom 13 Nariadenia Eur\u00f3pskeho parlamentu a Rady (EU\u0301) 2016\/679 (\u010falej len \u201eGDPR\u201c) a v s\u00falade s \u00a719 z\u00e1kona \u010d. 18\/2018 Z. z. o ochrane osobn\u00fdch \u00fadajov (\u010falej len \u201eZ\u00e1kon\u201c). Z\u00e1rove\u0148 by sme V\u00e1s chceli ubezpe\u010di\u0165, \u017ee ochrana Va\u0161ich osobn\u00fdch \u00fadajov je pre na\u0161u organiz\u00e1ciu d\u00f4le\u017eit\u00e1 a za t\u00fdmto \u00fa\u010delom m\u00e1me zaveden\u00e9 bezpe\u010dnostn\u00e9 opatrenia v s\u00falade s GDPR.<\/p>\n<p>KTO JE PREV\u00c1DZKOVATE\u013dOM A KDE SA NA N\u00c1S M\u00d4\u017dETE OBR\u00c1TI\u0164 ? IDENTIFIKA\u010cN\u00c9 A KONTAKTN\u00c9 \u00daDAJE PREV\u00c1DZKOVATE\u013dA<\/p>\n<p>Obchodn\u00e9 meno: XXXXXX\u00a0 S\u00eddlo: XXXXXX\u00a0 I\u010cO: XXXXXX\u00a0 Kontakt: Tel.: XXXXXX ; E-mail: info@klacianskamagura.sk Zodpovedn\u00e1 osoba: Nie je ur\u010den\u00e1. V pr\u00edpade ak\u00fdchko\u013evek ot\u00e1zok n\u00e1s v\u0161ak m\u00f4\u017eete kontaktova\u0165 na vy\u0161\u0161ie uveden\u00fdch kontaktn\u00fdch \u00fadajoch. PRE\u010cO SPRAC\u00daVAME VA\u0160E OSOBN\u00c9 \u00daDAJE A NA AKOM PR\u00c1VNOM Z\u00c1KLADE ? Osobn\u00e9 \u00fadaje sprac\u00favame pre r\u00f4zne \u00fa\u010dely pod\u013ea toho ak\u00fa slu\u017ebu pre V\u00e1s poskytujeme.<\/p>\n<p>\u00da\u010cEL SPRAC\u00daVANIA OSOBN\u00ddCH \u00daDAJOV<\/p>\n<p>PR\u00c1VNY Z\u00c1KLAD 1.<\/p>\n<p>V pr\u00edpade, \u017ee n\u00e1s budete kontaktova\u0165 prostredn\u00edctvom mailovej komunik\u00e1cie, \u00fa\u010delom sprac\u00favania Va\u0161ich osobn\u00fdch \u00fadajov je odpoveda\u0165 V\u00e1m na Va\u0161u \u017eiados\u0165\/ spr\u00e1vu. \u00a7 Sprac\u00favanie osobn\u00fdch \u00fadajov je nevyhnutn\u00e9 na \u00fa\u010del opr\u00e1vnen\u00fdch z\u00e1ujmov prev\u00e1dzkovate\u013ea, konkr\u00e9tne ide o pracovn\u00fa komunik\u00e1ciu s existuj\u00facimi alebo potencion\u00e1lnymi klientami, pod\u013ea \u010dl. 6 ods.1 p\u00edsm. f) GDPR. 2. V pr\u00edpade, \u017ee V\u00e1s na\u0161e slu\u017eby zaujali a vy\u017eiadali ste si od n\u00e1s cenov\u00fa ponuku, \u00fa\u010delom sprac\u00favania osobn\u00fdch \u00fadajov je vypracovanie cenovej ponuky na z\u00e1klade dopytu z\u00e1kazn\u00edka vr\u00e1tane poskytnutia bli\u017e\u0161\u00edch inform\u00e1ci\u00ed. \u00a7 Sprac\u00favanie osobn\u00fdch \u00fadajov je nevyhnutn\u00e9 na vykonanie opatrenia pred uzatvoren\u00edm zmluvy na z\u00e1klade \u017eiadosti dotknutej osoby, pod\u013ea \u010dl. 6 ods.1 p\u00edsm. b) GDPR. 3. V pr\u00edpade, \u017ee ste si u n\u00e1s rezervovali term\u00edn ubytovania, \u00fa\u010delom sprac\u00favania osobn\u00fdch \u00fadajov je poskytovanie ubytovac\u00edch slu\u017eieb a plnenie legislat\u00edvnych povinnost\u00ed ubytovate\u013ea vo\u010di r\u00f4znym \u0161t\u00e1tnym in\u0161tit\u00faci\u00e1m a org\u00e1nom. \u00a7 Sprac\u00favanie osobn\u00fdch \u00fadajov je nevyhnutn\u00e9 na plnenie zmluvy o ubytovan\u00ed, ktorej zmluvnou stranou je klient-dotknut\u00e1 osoba, alebo na vykonanie rezerv\u00e1cie \u2013 opatrenia pred uzatvoren\u00edm zmluvy na z\u00e1klade \u017eiadosti klienta-dotknutej osoby, pod\u013ea \u010dl. 6 ods.1 p\u00edsm. b) GDPR. \u00a7 Sprac\u00favanie osobn\u00fdch \u00fadajov je nevyhnutn\u00e9 na splnenie z\u00e1konn\u00fdch povinnost\u00ed prev\u00e1dzkovate\u013ea pod\u013ea osobitn\u00fdch pr\u00e1vnych predpisov. Ide najm\u00e4 o: \u2013 z\u00e1kon \u010d. 40\/1964Zb. Ob\u010diansky z\u00e1konn\u00edk v znen\u00ed neskor\u0161\u00edch predpisov; \u2013 z\u00e1kon \u010d. 253\/1998 Z. z. o hl\u00e1sen\u00ed pobytu ob\u010danov Slovenskej republiky a registri obyvate\u013eov Slovenskej republiky v znen\u00ed neskor\u0161\u00edch predpisov; \u2013 z\u00e1kon \u010d. 404\/2011 Z.z. o pobyte cudzincov a o zmene a doplnen\u00ed niektor\u00fdch z\u00e1konov v znen\u00ed neskor\u0161\u00edch predpisov; \u2013 z\u00e1kon \u010d. 582\/2004 Z.z. o miestnych daniach a miestnom poplatku za komun\u00e1lne odpady a drobn\u00e9 stavebn\u00e9 odpady; \u2013 V\u0161eobecne z\u00e1v\u00e4zn\u00e9 nariadenie mesta Ru\u017eomberok t\u00fdkaj\u00face sa miestnych dan\u00ed, \u00a7 Sprac\u00favanie osobn\u00fdch \u00fadajov je nevyhnutn\u00e9 na \u00fa\u010del opr\u00e1vnen\u00fdch z\u00e1ujmov prev\u00e1dzkovate\u013ea, konkr\u00e9tne na uplat\u0148ovanie alebo br\u00e1nenie n\u00e1rokov pred\u00e1vaj\u00faceho s\u00fadnou cestou napr. n\u00e1rok na n\u00e1hradu \u0161kody, pod\u013ea \u010dl. 6 ods.1 p\u00edsm. f) GDPR. 4. Informovanie o akci\u00e1ch a novink\u00e1ch prev\u00e1dzkovate\u013ea (marketingov\u00e1 komunik\u00e1cia). \u00a7 V pr\u00edpade marketingovej komunik\u00e1cie bez predch\u00e1dzaj\u00faceho vz\u0165ahu s dotknutou osobou \u2013 s\u00fahlas dotknutej osoby so sprac\u00favan\u00edm osobn\u00fdch \u00fadajov, pod\u013ea \u010dl. 6 ods.1 p\u00edsm. a) GDPR alebo \u00a7 V pr\u00edpade marketingovej komunik\u00e1cie s existuj\u00facimi klientami \u2013 sprac\u00favanie osobn\u00fdch \u00fadajov je nevyhnutn\u00e9 na \u00fa\u010dely opr\u00e1vnen\u00fdch z\u00e1ujmov prev\u00e1dzkovate\u013ea, ktor\u00fdm je marketingov\u00e1 komunik\u00e1cia s existuj\u00facimi klientami, pod\u013ea \u010dl. 6 ods.1 p\u00edsm. f) GDPR. 5. Zverej\u0148ovanie hodnoten\u00ed na propaga\u010dn\u00e9 \u00fa\u010dely. \u00a7 S\u00fahlas dotknutej osoby so sprac\u00favan\u00edm osobn\u00fdch \u00fadajov pod\u013ea \u010dl. 6 ods.1 p\u00edsm. a) GDPR. 6. Arch\u00edvne \u00fa\u010dely \u00a7 \u010cl\u00e1nok 89 GDPR, \u00a778 ods. 8 Z\u00e1kona OO\u00da (ako zlu\u010dite\u013en\u00fd \u00fa\u010del) pod\u013ea z\u00e1kona o arch\u00edvoch a registrat\u00farach.<\/p>\n<p>AK\u00c9 OSOBN\u00c9 \u00daDAJE O V\u00c1S SPRAC\u00daVAME ?<\/p>\n<p>Vo vz\u0165ahu k V\u00e1m ako dotknutej osobe sprac\u00favame v\u00fdlu\u010dne len tzv. be\u017en\u00e9 osobn\u00e9 \u00fadaje. Pod\u013ea \u00a7 24 z\u00e1kona \u010d. 253\/1998 Z. z. o hl\u00e1sen\u00ed pobytu ob\u010danov Slovenskej republiky a registri obyvate\u013eov Slovenskej republiky v znen\u00ed z\u00e1kona \u010d. 216\/2008 Z. z. m\u00e1 prev\u00e1dzkovate\u013e ako pr\u00e1vnick\u00e1 osoba, ktor\u00e1 poskytuje slu\u017eby na z\u00e1klade zmluvy o ubytovan\u00ed, povinnos\u0165 vies\u0165 KNIHU UBYTOVAN\u00ddCH, ktor\u00e1 obsahuje: \u00fadaje o mene a priezvisku ubytovan\u00e9ho, \u010d\u00edslo jeho ob\u010dianskeho preukazu alebo cestovn\u00e9ho dokladu, adresu trval\u00e9ho pobytu a dobu ubytovania pri cudzincovi aj \u0161t\u00e1tnu pr\u00edslu\u0161nos\u0165 a d\u00e1tum narodenia. \u00dadaje z knihy ubytovan\u00fdch je prev\u00e1dzkovate\u013e povinn\u00fd poskytn\u00fa\u0165 \u0161t\u00e1tnym org\u00e1nom, ktor\u00e9 v rozsahu ustanovenom osobitn\u00fdmi predpismi plnia \u00falohy na \u00faseku ochrany \u00fastavn\u00e9ho zriadenia, vn\u00fatorn\u00e9ho poriadku a bezpe\u010dnosti \u0161t\u00e1tu alebo obrany \u0161t\u00e1tu. Pod\u013ea \u00a7 113 Z\u00e1kon \u010d. 404\/2011 Z. z. o pobyte cudzincov a o zmene a doplnen\u00ed niektor\u00fdch z\u00e1konov, ubytovate\u013e je tie\u017e povinn\u00fd: pri ubytovan\u00ed overi\u0165 toto\u017enos\u0165 cudzinca, do knihy ubytovan\u00fdch uvies\u0165 pri cudzincovi aj \u0161t\u00e1tnu pr\u00edslu\u0161nos\u0165 a d\u00e1tum narodenia, zabezpe\u010di\u0165 vyplnenie \u00faradn\u00e9ho tla\u010diva o hl\u00e1sen\u00ed pobytu cudzinca a doru\u010di\u0165 ho policajn\u00e9mu \u00fatvaru do piatich dn\u00ed od ubytovania; doru\u010denie je mo\u017en\u00e9 aj prostredn\u00edctvom elektronickej slu\u017eby zavedenej na tento \u00fa\u010del, umo\u017eni\u0165 policajn\u00e9mu \u00fatvaru vstup do v\u0161etk\u00fdch priestorov ubytovacieho zariadenia na \u00fa\u010del kontroly plnenia povinnost\u00ed ustanoven\u00fdch t\u00fdmto z\u00e1konom.<\/p>\n<p>KOMU M\u00d4\u017dU BY\u0164 POSKYTNUT\u00c9 ALEBO SPR\u00cdSTUPNEN\u00c9 VA\u0160E OSOBN\u00c9 \u00daDAJE ?<\/p>\n<p>Va\u0161e osobn\u00e9 \u00fadaje m\u00f4\u017eu by\u0165 poskytnut\u00e9 alebo spr\u00edstupnen\u00e9 nasleduj\u00facim kateg\u00f3ri\u00e1m pr\u00edjemcov.<\/p>\n<p>KATEG\u00d3RIE PR\u00cdJEMCOV \u2013 Extern\u00e1 firma poskytuj\u00faca pre n\u00e1s \u00fa\u010dtovn\u00e9 slu\u017eby v pr\u00edpade vyhotovenia a sprac\u00favania \u00fa\u010dtovn\u00fdch dokladov. \u2013 Extern\u00ed spolupracovn\u00edci za \u00fa\u010delom realiz\u00e1cie z\u00e1kazky. \u2013 Poskytovate\u013e IT servisu\/\u00fadr\u017eby\/podpory. \u2013 \u0160t\u00e1tne kontroln\u00e9 org\u00e1ny za \u00fa\u010delom pr\u00edpadnej kontroly.<\/p>\n<p>AKO DLHO UCHOV\u00c1VAME VA\u0160E OSOBN\u00c9 \u00daDAJE ? DOBA UCHOV\u00c1VANIA OSOBN\u00ddCH \u00daDAJOV<\/p>\n<p>Pre \u00fa\u010del \u010d. 1: do vybavenia Va\u0161ej \u017eiadosti\/spr\u00e1vy. Pre \u00fa\u010del \u010d. 2: jeden rok (ak je cenov\u00e1 ponuka neakceptovan\u00e1), ak je cenov\u00e1 ponuka akceptovan\u00e1 \u2013 po\u010das realiz\u00e1cie z\u00e1kazky. Pre \u00fa\u010del \u010d. 3: po dobu 10 rokov. \u00da\u010dtovn\u00e9 doklady sa archivuj\u00fa 10 rokov. Pre \u00fa\u010del \u010d. 4: po dobu trvania V\u00e1\u0161ho z\u00e1ujmu, resp. do odvolania V\u00e1\u0161ho s\u00fahlasu. Pre \u00fa\u010del \u010d. 5: po dobu 5 rokov, pr\u00edpadne do odvolania V\u00e1\u0161ho s\u00fahlasu. Pre \u00fa\u010del \u010d. 6: v s\u00falade s registrat\u00farnym pl\u00e1nom\/poriadkom prev\u00e1dzkovate\u013ea.<\/p>\n<p>PREN\u00c1\u0160AME VA\u0160E OSOBN\u00c9 \u00daDAJE DO TRET\u00cdCH KRAJ\u00cdN ALEBO DO MEDZIN\u00c1RODNEJ ORGANIZ\u00c1CIE?<\/p>\n<p>Prenos osobn\u00fdch \u00fadajov do tretej krajiny alebo medzin\u00e1rodnej organiz\u00e1cii nie je a ani sa nezam\u00fd\u0161\u013ea.<\/p>\n<p>AK\u00c9 M\u00c1TE PR\u00c1VA AKO DOTKNUT\u00c1 OSOBA ? POU\u010cENIE O PR\u00c1VACH DOTKNUTEJ OSOBY<\/p>\n<p>V s\u00falade s \u010dl.13 \u2013 21 GDPR (\u00a7 19-27 z\u00e1kona o ochrane osobn\u00fdch \u00fadajov) m\u00e1te ako dotknut\u00e1 osoba: \u2013 pr\u00e1vo po\u017eadova\u0165 od prev\u00e1dzkovate\u013ea pr\u00edstup k osobn\u00fdm \u00fadajom t\u00fdkaj\u00facich sa Va\u0161ej osoby a potvrdenie o tom, \u010di sa sprac\u00favaj\u00fa osobn\u00e9 \u00fadaje, ktor\u00e9 sa V\u00e1s t\u00fdkaj\u00fa (\u010dl.15 GDPR), \u2013 pr\u00e1vo na opravu Va\u0161ich nespr\u00e1vnych alebo ne\u00fapln\u00fdch osobn\u00fdch \u00fadajov (\u010dl.16 GDPR), \u2013 pr\u00e1vo na vymazanie Va\u0161ich osobn\u00fdch \u00fadajov, ak \u00fa\u010del ich sprac\u00favania skon\u010dil alebo je splnen\u00e1 niektor\u00e1 z podmienok \u010dl.17 GDPR, \u2013 pr\u00e1vo na obmedzenie sprac\u00favania osobn\u00fdch \u00fadajov, ak ide o pr\u00edpady pod\u013ea \u010dl.18 GDPR, \u2013 pr\u00e1vo namieta\u0165 sprac\u00favanie osobn\u00fdch \u00fadajov, ak ide o pr\u00edpady pod\u013ea \u010dl.21 GDPR, \u2013 pr\u00e1vo na prenosnos\u0165 osobn\u00fdch \u00fadajov pod\u013ea \u010dl.20 GDPR, \u2013 pr\u00e1vo poda\u0165 s\u0165a\u017enos\u0165 dozorn\u00e9mu org\u00e1nu \u00daradu na ochranu osobn\u00fdch \u00fadajov Slovenskej republiky, Hrani\u010dn\u00e1 12, 820 07 Bratislava 27 \u2013 pr\u00e1vo poda\u0165 n\u00e1vrh na za\u010datie konania pod\u013ea \u00a7100 z\u00e1kona o ochrane osobn\u00fdch \u00fadajov, viac info. n\u00e1jdete na www.dataprotection.gov.sk Svoje pr\u00e1va m\u00f4\u017eete uplatni\u0165 p\u00edsomne na adresu s\u00eddla prev\u00e1dzkovate\u013ea alebo na e-mailov\u00fa adresu uveden\u00fa v z\u00e1hlav\u00ed tohto dokumentu. V pr\u00edpade ot\u00e1zok n\u00e1s nev\u00e1hajte kontaktova\u0165. Na Va\u0161u \u017eiados\u0165 t\u00fdkaj\u00facu sa sprac\u00favania osobn\u00fdch \u00fadajov budeme odpoveda\u0165 bez zbyto\u010dn\u00e9ho odkladu do jedn\u00e9ho mesiaca od jej doru\u010denia. V osobitn\u00fdch pr\u00edpadoch m\u00f4\u017ee by\u0165 lehota pred\u013a\u017een\u00e1 o \u010fal\u0161ie dva mesiace, o d\u00f4vodoch pred\u013a\u017eenia lehoty V\u00e1s budeme informova\u0165 do jedn\u00e9ho mesiaca od prijatia \u017eiadosti. Pri vybavovan\u00ed Va\u0161ej \u017eiadosti sme povinn\u00ed overi\u0165 si Va\u0161u toto\u017enos\u0165. O postupe overenia Va\u0161ej toto\u017enosti V\u00e1s budeme informova\u0165 pri reakcii na Va\u0161u \u017eiados\u0165. Inform\u00e1cie sa poskytuj\u00fa bezplatne. Ak by v\u0161ak Va\u0161e \u017eiadosti boli neprimeran\u00e9 alebo \u010dasto sa opakuj\u00face, m\u00f4\u017eeme po\u017eadova\u0165 primeran\u00fd administrat\u00edvny poplatok za ich vybavenie.<\/p>\n<p>POU\u010cENIE O PR\u00c1VE KEDYKO\u013dVEK ODVOLA\u0164 SVOJ S\u00daHLAS<\/p>\n<p>Vo v\u0161etk\u00fdch pr\u00edpadoch, kde je pr\u00e1vnym z\u00e1kladom sprac\u00favania osobn\u00fdch \u00fadajov s\u00fahlas dotknutej osoby, m\u00e1te pr\u00e1vo svoj s\u00fahlas so spracovan\u00edm osobn\u00fdch \u00fadajov kedyko\u013evek odvola\u0165, a to zaslan\u00edm p\u00edsomnej \u017eiadosti na adresu s\u00eddla alebo na emailov\u00fa adresu prev\u00e1dzkovate\u013ea uveden\u00fa v z\u00e1hlav\u00ed tohto dokumentu. Odvolanie s\u00fahlasu v\u0161ak nem\u00e1 vplyv na z\u00e1konnos\u0165 sprac\u00favania osobn\u00fdch \u00fadajov zalo\u017eenom na s\u00fahlase pred jeho odvolan\u00edm.<\/p>\n<p>POU\u010cENIE O PR\u00c1VE NAMIETA\u0164 SPRAC\u00daVANIE \u00daDAJOV NA \u00da\u010cEL PRIAMEHO MARKETINGU<\/p>\n<p>M\u00e1te pr\u00e1vo namieta\u0165 sprac\u00favanie osobn\u00fdch \u00fadajov, ktor\u00e9 sa V\u00e1s t\u00fdkaj\u00fa, na \u00fa\u010del priameho marketingu v rozsahu, v akom s\u00favis\u00ed s priamym marketingom. Ak dotknut\u00e1 osoba namieta sprac\u00favanie osobn\u00fdch \u00fadajov na \u00fa\u010del priameho marketingu, prev\u00e1dzkovate\u013e \u010falej osobn\u00e9 \u00fadaje na \u00fa\u010del priameho marketingu nesmie sprac\u00fava\u0165.<\/p>\n<p>JE POSKYTNUTIE VA\u0160ICH OSOBN\u00ddCH \u00daDAJOV DOBROVO\u013dN\u00c9 ? POSKYTNUTIE VA\u0160\u00cdCH OSOBN\u00ddCH \u00daDAJOV JE DOBROVO\u013dN\u00c9<\/p>\n<p>N\u00e1sledkom neposkytnutia Va\u0161ich osobn\u00fdch \u00fadajov bude, \u017ee nebude mo\u017en\u00e9 V\u00e1m poskytn\u00fa\u0165 objednan\u00fa slu\u017ebu a vystavi\u0165 V\u00e1m da\u0148ov\u00fd doklad, teda poskytn\u00fa\u0165 V\u00e1m na\u0161e slu\u017ebu. In\u00e9 n\u00e1sledky nie s\u00fa.<\/p>\n<p>DOCH\u00c1DZA K AUTOMATIZOVAN\u00c9MU SPRAC\u00daVANIU OSOBN\u00ddCH \u00daDAJOV S PR\u00c1VNYM \u00da\u010cINKOM A\/ALEBO IN\u00ddM PODSTATN\u00ddM VPLYVOM NA V\u00c1S ?<\/p>\n<p>Prev\u00e1dzkovate\u013e pri sprac\u00favan\u00ed osobn\u00fdch \u00fadajov pre dan\u00fd \u00fa\u010del nepo\u017e\u00edva automatizovan\u00e9 individu\u00e1lne rozhodovanie, ani profilovanie.<\/p>\n<p>AKO Z\u00cdSKAVAME VA\u0160E OSOBN\u00c9 \u00daDAJE, Z AK\u00c9HO ZDROJA ?<\/p>\n<p>Prev\u00e1dzkovate\u013e sprac\u00fava v\u00fdlu\u010dne len \u00fadaje, ktor\u00e9 mu Vy ako dotknut\u00e1 osoba poskytnete. Prev\u00e1dzkovate\u013e nepou\u017e\u00edva osobn\u00e9 \u00fadaje poch\u00e1dzaj\u00face z verejne pr\u00edstupn\u00fdch zdrojov.<\/p>\n<p>ZMENA PODMIENOK OCHRANY S\u00daKROMIA<\/p>\n<p>Ochrana osobn\u00fdch \u00fadajov pre n\u00e1s nie je jednorazovou z\u00e1le\u017eitos\u0165ou. Inform\u00e1cie, ktor\u00e9 sme V\u00e1m povinn\u00ed vzh\u013eadom na na\u0161e sprac\u00favanie osobn\u00fdch \u00fadajov poskytn\u00fa\u0165, sa m\u00f4\u017eu meni\u0165 alebo presta\u0165 by\u0165 aktu\u00e1lne. Z tohto d\u00f4vodu si vyhradzujeme mo\u017enos\u0165 kedyko\u013evek tieto podmienky upravi\u0165 a zmeni\u0165 v akomko\u013evek rozsahu. V pr\u00edpade, \u017ee zmen\u00edme tieto podmienky podstatn\u00fdm sp\u00f4sobom, t\u00fato zmenu V\u00e1m d\u00e1me do pozornosti pod\u013ea mo\u017enost\u00ed napr. v\u0161eobecn\u00fdm ozn\u00e1men\u00edm na tejto webstr\u00e1nke alebo osobitn\u00fdm ozn\u00e1men\u00edm prostredn\u00edctvom emailu.<\/p>\n<!-- \/wp:html -->\n\n<!-- wp:paragraph -->\n<p>&nbsp;<\/p>\n<!-- \/wp:paragraph --><\/div>\n        \t\t<\/div>\n\t\t\t\t<\/div>\n\t\t\t\t\t<\/div>\n\t\t\t\t<\/div>\n\t\t\t\t<\/div>","protected":false},"excerpt":{"rendered":"<p>v s\u00falade s \u010dl\u00e1nkom 13 Nariadenia Eur\u00f3pskeho parlamentu a Rady (EU\u0301) 2016\/679 (\u010falej len \u201eGDPR\u201c) a v s\u00falade s \u00a719 z\u00e1kona \u010d. 18\/2018 Z. z. o ochrane osobn\u00fdch \u00fadajov (\u010falej len \u201eZ\u00e1kon\u201c) V\u00e1\u017een\u00ed klienti, v t\u00fdchto podmienkach ochrany s\u00fakromia V\u00e1m chceme poskytn\u00fa\u0165 podrobn\u00e9 a zrozumite\u013en\u00e9 inform\u00e1cie o Va\u0161ich pr\u00e1vach a podmienkach sprac\u00favania Va\u0161ich osobn\u00fdch \u00fadajov &hellip; <span class=\"more-link-wrap\"><a href=\"https:\/\/www.klacianskamagura.sk\/en\/osobne-udaje\/\" class=\"more-link\">Read More <span class=\"screen-reader-text\"> &#8222;Ochrana osobn\u00fdch \u00fadajov&#8220;<\/span><\/a><\/span><\/p>","protected":false},"author":1,"featured_media":0,"parent":0,"menu_order":0,"comment_status":"closed","ping_status":"open","template":"","meta":{"inline_featured_image":false,"footnotes":""},"class_list":["post-3","page","type-page","status-publish","hentry"],"_links":{"self":[{"href":"https:\/\/www.klacianskamagura.sk\/en\/wp-json\/wp\/v2\/pages\/3"}],"collection":[{"href":"https:\/\/www.klacianskamagura.sk\/en\/wp-json\/wp\/v2\/pages"}],"about":[{"href":"https:\/\/www.klacianskamagura.sk\/en\/wp-json\/wp\/v2\/types\/page"}],"author":[{"embeddable":true,"href":"https:\/\/www.klacianskamagura.sk\/en\/wp-json\/wp\/v2\/users\/1"}],"replies":[{"embeddable":true,"href":"https:\/\/www.klacianskamagura.sk\/en\/wp-json\/wp\/v2\/comments?post=3"}],"version-history":[{"count":15,"href":"https:\/\/www.klacianskamagura.sk\/en\/wp-json\/wp\/v2\/pages\/3\/revisions"}],"predecessor-version":[{"id":5798,"href":"https:\/\/www.klacianskamagura.sk\/en\/wp-json\/wp\/v2\/pages\/3\/revisions\/5798"}],"wp:attachment":[{"href":"https:\/\/www.klacianskamagura.sk\/en\/wp-json\/wp\/v2\/media?parent=3"}],"curies":[{"name":"wp","href":"https:\/\/api.w.org\/{rel}","templated":true}]}}