{"id":26,"date":"2019-07-12T06:57:01","date_gmt":"2019-07-12T06:57:01","guid":{"rendered":"http:\/\/source.wpopal.com\/erios\/?page_id=26"},"modified":"2024-09-05T07:20:30","modified_gmt":"2024-09-05T07:20:30","slug":"home-1","status":"publish","type":"page","link":"https:\/\/www.klacianskamagura.sk\/en\/","title":{"rendered":"\u00davodn\u00e1 str\u00e1nka"},"content":{"rendered":"<div data-elementor-type=\"wp-post\" data-elementor-id=\"26\" class=\"elementor elementor-26\" data-elementor-post-type=\"page\">\n\t\t\t\t<div class=\"elementor-element elementor-element-153bda7 e-con-full e-flex e-con e-parent\" data-id=\"153bda7\" data-element_type=\"container\">\n\t\t\t\t<div class=\"elementor-element elementor-element-89f2f66 elementor-widget__width-inherit elementor-widget elementor-widget-html\" data-id=\"89f2f66\" data-element_type=\"widget\" data-widget_type=\"html.default\">\n\t\t\t\t<div class=\"elementor-widget-container\">\n\t\t\t<div style=\"position: fixed; top: 0; left: 0; width: 100vw; height: 100vh; overflow: hidden; z-index: -1;\">\r\n  <video style=\"width: 100vw; height: 100vh; object-fit: cover;\" autoplay muted playsinline>\r\n    <source src=\"https:\/\/www.klacianskamagura.sk\/wp-content\/uploads\/2024\/09\/chata2.mov\" type=\"video\/mp4\">\r\n    <source src=\"https:\/\/www.klacianskamagura.sk\/wp-content\/uploads\/2019\/08\/chata2.mp4\" type=\"video\/mp4\">\r\n    Your browser does not support the video tag.\r\n  <\/video>\r\n<\/div>\r\n\t\t<\/div>\n\t\t\t\t<\/div>\n\t\t\t\t<\/div>\n\t\t<div class=\"elementor-element elementor-element-3fd3de0 e-flex e-con-boxed e-con e-parent\" data-id=\"3fd3de0\" data-element_type=\"container\">\n\t\t\t\t\t<div class=\"e-con-inner\">\n\t\t\t\t<div class=\"elementor-element elementor-element-800f0c5 elementor-widget elementor-widget-text-editor\" data-id=\"800f0c5\" data-element_type=\"widget\" data-widget_type=\"text-editor.default\">\n\t\t\t\t<div class=\"elementor-widget-container\">\n\t\t\t        <div class=\"elementor-text-editor elementor-clearfix\"><p>Come and enjoy nature<\/p><\/div>\n        \t\t<\/div>\n\t\t\t\t<\/div>\n\t\t\t\t<div class=\"elementor-element elementor-element-e4b72a8 elementor-widget elementor-widget-text-editor\" data-id=\"e4b72a8\" data-element_type=\"widget\" data-widget_type=\"text-editor.default\">\n\t\t\t\t<div class=\"elementor-widget-container\">\n\t\t\t        <div class=\"elementor-text-editor elementor-clearfix\"><p>in the heart of Mal\u00e1 Fatra<\/p><\/div>\n        \t\t<\/div>\n\t\t\t\t<\/div>\n\t\t\t\t<div class=\"elementor-element elementor-element-dfeaa26 elementor-button-primary elementor-widget elementor-widget-button\" data-id=\"dfeaa26\" data-element_type=\"widget\" data-widget_type=\"button.default\">\n\t\t\t\t<div class=\"elementor-widget-container\">\n\t\t\t        <div class=\"elementor-button-wrapper\">\n            <a href=\"https:\/\/www.klacianskamagura.sk\/en\/directions\/\" class=\"elementor-button-link elementor-button elementor-size-md\" role=\"button\">\n                        <span class=\"elementor-button-content-wrapper\">\n\t\t\t            <span class=\"elementor-button-text\">Find the way to the cottage<\/span>\n\t\t<\/span>\n\n\n                <\/a>\n        <\/div>\n        \t\t<\/div>\n\t\t\t\t<\/div>\n\t\t\t\t\t<\/div>\n\t\t\t\t<\/div>\n\t\t\t\t<section class=\"elementor-section elementor-top-section elementor-element elementor-element-733ee3bc elementor-section-stretched elementor-reverse-tablet elementor-reverse-mobile elementor-section-boxed elementor-section-height-default elementor-section-height-default\" data-id=\"733ee3bc\" data-element_type=\"section\" data-settings=\"{&quot;stretch_section&quot;:&quot;section-stretched&quot;,&quot;background_background&quot;:&quot;classic&quot;}\">\n\t\t\t\t\t\t<div class=\"elementor-container elementor-column-gap-no\">\n\t\t\t\t\t<div class=\"elementor-column elementor-col-50 elementor-top-column elementor-element elementor-element-1009f253\" data-id=\"1009f253\" data-element_type=\"column\">\n\t\t\t<div class=\"elementor-widget-wrap elementor-element-populated\">\n\t\t\t\t\t\t<div class=\"elementor-element elementor-element-493cc6d3 elementor-align-center elementor-widget elementor-widget-heading\" data-id=\"493cc6d3\" data-element_type=\"widget\" data-widget_type=\"heading.default\">\n\t\t\t\t<div class=\"elementor-widget-container\">\n\t\t\t<span class=\"sub-title\">Our cottage<\/span><h2 class=\"elementor-heading-title elementor-size-default\">A popular destination<br>for tourists<\/h2>\t\t<\/div>\n\t\t\t\t<\/div>\n\t\t\t\t<div class=\"elementor-element elementor-element-2e316156 elementor-widget elementor-widget-text-editor\" data-id=\"2e316156\" data-element_type=\"widget\" data-widget_type=\"text-editor.default\">\n\t\t\t\t<div class=\"elementor-widget-container\">\n\t\t\t        <div class=\"elementor-text-editor elementor-clearfix\"><p>The K\u013ea\u010dianska Magura cottage is located in the Kriv\u00e1nska part of Mal\u00e1 Fatra at an elevation of <br \/>1,140 meters above sea level, beneath the peak of K\u013ea\u010dianska Magura, and is one of the most accessible cottages in the Turiec region. It is a popular destination for tourists due to its stunning views of the entire Turiec area and the panorama of surrounding mountains, including Ve\u013ek\u00e1 Fatra, Mal\u00e1 Fatra \u2013 L\u00fa\u010dansk\u00e1 part, and the Kremnick\u00e9 Hills.<\/p><p>The cottage's location is ideal for overnight stays for hikers and also serves as an excellent starting point for hiking along the main ridge of Kriv\u00e1nska Mal\u00e1 Fatra. Heading through Such\u00fd, Stratenec, Biele skaly, Mal\u00fd Kriv\u00e1\u0148, and Ve\u013ek\u00fd Kriv\u00e1\u0148, you can also reach the Chata pod Chlebom, or you can turn the route around and finish it at Magura.<\/p><h1>\u00a0<\/h1><\/div>\n        \t\t<\/div>\n\t\t\t\t<\/div>\n\t\t\t\t\t<\/div>\n\t\t<\/div>\n\t\t\t\t<div class=\"elementor-column elementor-col-50 elementor-top-column elementor-element elementor-element-699800db opal-image-clip-left-md animated-fast elementor-invisible\" data-id=\"699800db\" data-element_type=\"column\" data-settings=\"{&quot;animation&quot;:&quot;opal-move-up&quot;}\">\n\t\t\t<div class=\"elementor-widget-wrap elementor-element-populated\">\n\t\t\t\t\t\t<div class=\"elementor-element elementor-element-3e089bb6 elementor-widget elementor-widget-image\" data-id=\"3e089bb6\" data-element_type=\"widget\" data-widget_type=\"image.default\">\n\t\t\t\t<div class=\"elementor-widget-container\">\n\t\t\t\t\t\t\t\t\t\t\t\t\t<img fetchpriority=\"high\" decoding=\"async\" width=\"1920\" height=\"1440\" src=\"https:\/\/www.klacianskamagura.sk\/wp-content\/uploads\/2019\/08\/foto-Magura.jpg\" class=\"attachment-full size-full wp-image-5518\" alt=\"\" srcset=\"https:\/\/www.klacianskamagura.sk\/wp-content\/uploads\/2019\/08\/foto-Magura.jpg 1920w, https:\/\/www.klacianskamagura.sk\/wp-content\/uploads\/2019\/08\/foto-Magura-300x225.jpg 300w, https:\/\/www.klacianskamagura.sk\/wp-content\/uploads\/2019\/08\/foto-Magura-1024x768.jpg 1024w, https:\/\/www.klacianskamagura.sk\/wp-content\/uploads\/2019\/08\/foto-Magura-768x576.jpg 768w, https:\/\/www.klacianskamagura.sk\/wp-content\/uploads\/2019\/08\/foto-Magura-1536x1152.jpg 1536w, https:\/\/www.klacianskamagura.sk\/wp-content\/uploads\/2019\/08\/foto-Magura-700x525.jpg 700w\" sizes=\"(max-width: 1920px) 100vw, 1920px\" \/>\t\t\t\t\t\t\t\t\t\t\t\t\t<\/div>\n\t\t\t\t<\/div>\n\t\t\t\t\t<\/div>\n\t\t<\/div>\n\t\t\t\t\t<\/div>\n\t\t<\/section>\n\t\t\t\t<\/div>","protected":false},"excerpt":{"rendered":"<p>Your browser does not support the video tag. Po\u010fte si u\u017ei\u0165 pr\u00edrodu v srdci Malej Fatry Zisti\u0165 cestu na chatu na\u0161a chata Ob\u013e\u00faben\u00fd cie\u013eturistov Chata K\u013ea\u010dianska Magura le\u017e\u00ed v Kriv\u00e1nskej Malej Fatre vo v\u00fd\u0161ke 1 140 m.n.m. pod vrchom K\u013ea\u010dianska Magura a patr\u00ed medzi najdostupnej\u0161ie chaty v Turci. Je ob\u013e\u00faben\u00fdm cie\u013eom turistov v\u010faka n\u00e1dhern\u00fdm v\u00fdh\u013eadom &hellip; <span class=\"more-link-wrap\"><a href=\"https:\/\/www.klacianskamagura.sk\/en\/\" class=\"more-link\">Read More <span class=\"screen-reader-text\"> &#8222;\u00davodn\u00e1 str\u00e1nka&#8220;<\/span><\/a><\/span><\/p>","protected":false},"author":1,"featured_media":0,"parent":0,"menu_order":0,"comment_status":"closed","ping_status":"closed","template":"page-elementor.php","meta":{"inline_featured_image":false,"footnotes":""},"class_list":["post-26","page","type-page","status-publish","hentry"],"_links":{"self":[{"href":"https:\/\/www.klacianskamagura.sk\/en\/wp-json\/wp\/v2\/pages\/26"}],"collection":[{"href":"https:\/\/www.klacianskamagura.sk\/en\/wp-json\/wp\/v2\/pages"}],"about":[{"href":"https:\/\/www.klacianskamagura.sk\/en\/wp-json\/wp\/v2\/types\/page"}],"author":[{"embeddable":true,"href":"https:\/\/www.klacianskamagura.sk\/en\/wp-json\/wp\/v2\/users\/1"}],"replies":[{"embeddable":true,"href":"https:\/\/www.klacianskamagura.sk\/en\/wp-json\/wp\/v2\/comments?post=26"}],"version-history":[{"count":424,"href":"https:\/\/www.klacianskamagura.sk\/en\/wp-json\/wp\/v2\/pages\/26\/revisions"}],"predecessor-version":[{"id":6927,"href":"https:\/\/www.klacianskamagura.sk\/en\/wp-json\/wp\/v2\/pages\/26\/revisions\/6927"}],"wp:attachment":[{"href":"https:\/\/www.klacianskamagura.sk\/en\/wp-json\/wp\/v2\/media?parent=26"}],"curies":[{"name":"wp","href":"https:\/\/api.w.org\/{rel}","templated":true}]}}