{"id":1992,"date":"2019-12-07T06:42:57","date_gmt":"2019-12-07T06:42:57","guid":{"rendered":"http:\/\/source.wpopal.com\/erios\/?page_id=1992"},"modified":"2024-08-27T07:51:31","modified_gmt":"2024-08-27T07:51:31","slug":"ubytovanie","status":"publish","type":"page","link":"https:\/\/www.klacianskamagura.sk\/en\/ubytovanie\/","title":{"rendered":"Accomodation"},"content":{"rendered":"<div data-elementor-type=\"wp-page\" data-elementor-id=\"1992\" class=\"elementor elementor-1992\" data-elementor-post-type=\"page\">\n\t\t\t\t\t\t<section class=\"elementor-section elementor-top-section elementor-element elementor-element-efe3b06 elementor-section-stretched elementor-section-boxed elementor-section-height-default elementor-section-height-default\" data-id=\"efe3b06\" data-element_type=\"section\" data-settings=\"{&quot;stretch_section&quot;:&quot;section-stretched&quot;}\">\n\t\t\t\t\t\t<div class=\"elementor-container elementor-column-gap-no\">\n\t\t\t\t\t<div class=\"elementor-column elementor-col-100 elementor-top-column elementor-element elementor-element-ac0ca6a\" data-id=\"ac0ca6a\" data-element_type=\"column\">\n\t\t\t<div class=\"elementor-widget-wrap elementor-element-populated\">\n\t\t\t\t\t\t<div class=\"elementor-element elementor-element-cde445b elementor-widget elementor-widget-text-editor\" data-id=\"cde445b\" data-element_type=\"widget\" data-widget_type=\"text-editor.default\">\n\t\t\t\t<div class=\"elementor-widget-container\">\n\t\t\t        <div class=\"elementor-text-editor elementor-clearfix\"><p>Poskytujeme noc\u013eah pre 31 \u013eud\u00ed <br \/>(1x 10l\u00f4\u017ekov\u00e1 izba, 1x 4l\u00f4\u017ekov\u00e1 izba, 5x 3l\u00f4\u017ekov\u00e1 izba, 1x 2l\u00f4\u017ekov\u00e1 izba).<\/p><p>Berte pros\u00edm na vedomie, \u017ee sme turistick\u00e1 chata a rozdelenie na izby sa preto ur\u010duje pod\u013ea aktu\u00e1lnej obsadenosti.<\/p><p>Accommodation with dogs is NOT allowed.<\/p><p>Cena za l\u00f4\u017eko je 22 \u20ac (zah\u0155\u0148a poste\u013en\u00e9 pr\u00e1dlo)<\/p><p>\u010clenovia KST maj\u00fa 20 % z\u013eavu (po preuk\u00e1zan\u00ed sa platn\u00fdm preukazom)<\/p><p>Akceptujeme aj platbu kartou.<\/p><\/div>\n        \t\t<\/div>\n\t\t\t\t<\/div>\n\t\t\t\t\t<\/div>\n\t\t<\/div>\n\t\t\t\t\t<\/div>\n\t\t<\/section>\n\t\t<div class=\"elementor-element elementor-element-2049a78 e-flex e-con-boxed e-con e-parent\" data-id=\"2049a78\" data-element_type=\"container\">\n\t\t\t\t\t<div class=\"e-con-inner\">\n\t\t\t\t<div class=\"elementor-element elementor-element-69ddd19 elementor-widget elementor-widget-opal-room\" data-id=\"69ddd19\" data-element_type=\"widget\" data-widget_type=\"opal-room.default\">\n\t\t\t\t<div class=\"elementor-widget-container\">\n\t\t\t        <div class=\"elementor-post-wrapper\" id=\"isotope-69ddd19\">\n            <div class=\"isotope-grid row tp-hotel-booking room-style-2\" data-elementor-columns=\"4\" data-elementor-columns-tablet=\"2\" data-elementor-columns-mobile=\"1\">\n\n                <div class=\"column-item room-entries __all\"><article id=\"post-1760\" class=\"room post-1760 hb_room type-hb_room status-publish has-post-thumbnail hentry\">\n    <div class=\"room-inner\">\n\n                    <div class=\"room-post-thumbnail\">\n                <img fetchpriority=\"high\" decoding=\"async\" width=\"700\" height=\"569\" src=\"https:\/\/www.klacianskamagura.sk\/wp-content\/uploads\/2019\/08\/room-1-700x569.jpg\" class=\"attachment-erios-gallery-image size-erios-gallery-image wp-post-image\" alt=\"\" srcset=\"https:\/\/www.klacianskamagura.sk\/wp-content\/uploads\/2019\/08\/room-1-700x569.jpg 700w, https:\/\/www.klacianskamagura.sk\/wp-content\/uploads\/2019\/08\/room-1-300x244.jpg 300w, https:\/\/www.klacianskamagura.sk\/wp-content\/uploads\/2019\/08\/room-1-1024x833.jpg 1024w, https:\/\/www.klacianskamagura.sk\/wp-content\/uploads\/2019\/08\/room-1-768x624.jpg 768w, https:\/\/www.klacianskamagura.sk\/wp-content\/uploads\/2019\/08\/room-1.jpg 1230w\" sizes=\"(max-width: 700px) 100vw, 700px\" \/>            <\/div><!-- .post-thumbnail -->\n        \n        <div class=\"room-content\">\n            <div class=\"room-content-inner\">\n                \r\n\n<div class=\"title\">\n    <h3 class=\"entry-title\">\n        <a href=\"https:\/\/www.klacianskamagura.sk\/en\/rooms\/10-lozko\/\">10-l\u00f4\u017ekov\u00e1 izba<\/a>\n    <\/h3>\n<\/div>\n\n\n    <div class=\"price\">\n        <span class=\"title-price\">From<\/span>\n\n\t\t            <span class=\"price_value price_min 1\" >22.0&euro;<\/span>\n\t\t\n        <span class=\"unit\">Night<\/span>\n    <\/div>\n            <\/div>\n        <\/div>\n    <\/div>\n<\/article><!-- #post-## --><\/div><div class=\"column-item room-entries __all\"><article id=\"post-744\" class=\"room post-744 hb_room type-hb_room status-publish has-post-thumbnail hentry\">\n    <div class=\"room-inner\">\n\n                    <div class=\"room-post-thumbnail\">\n                <img decoding=\"async\" width=\"700\" height=\"569\" src=\"https:\/\/www.klacianskamagura.sk\/wp-content\/uploads\/2019\/08\/room-2-700x569.jpg\" class=\"attachment-erios-gallery-image size-erios-gallery-image wp-post-image\" alt=\"\" srcset=\"https:\/\/www.klacianskamagura.sk\/wp-content\/uploads\/2019\/08\/room-2-700x569.jpg 700w, https:\/\/www.klacianskamagura.sk\/wp-content\/uploads\/2019\/08\/room-2-300x244.jpg 300w, https:\/\/www.klacianskamagura.sk\/wp-content\/uploads\/2019\/08\/room-2-1024x833.jpg 1024w, https:\/\/www.klacianskamagura.sk\/wp-content\/uploads\/2019\/08\/room-2-768x624.jpg 768w, https:\/\/www.klacianskamagura.sk\/wp-content\/uploads\/2019\/08\/room-2.jpg 1230w\" sizes=\"(max-width: 700px) 100vw, 700px\" \/>            <\/div><!-- .post-thumbnail -->\n        \n        <div class=\"room-content\">\n            <div class=\"room-content-inner\">\n                \r\n\n<div class=\"title\">\n    <h3 class=\"entry-title\">\n        <a href=\"https:\/\/www.klacianskamagura.sk\/en\/rooms\/4-lozko\/\">4-l\u00f4\u017ekov\u00e1 izba<\/a>\n    <\/h3>\n<\/div>\n\n\n    <div class=\"price\">\n        <span class=\"title-price\">From<\/span>\n\n\t\t            <span class=\"price_value price_min 1\" >0.0&euro;<\/span>\n\t\t\n        <span class=\"unit\">Night<\/span>\n    <\/div>\n            <\/div>\n        <\/div>\n    <\/div>\n<\/article><!-- #post-## --><\/div><div class=\"column-item room-entries __all\"><article id=\"post-1759\" class=\"room post-1759 hb_room type-hb_room status-publish has-post-thumbnail hentry\">\n    <div class=\"room-inner\">\n\n                    <div class=\"room-post-thumbnail\">\n                <img decoding=\"async\" width=\"700\" height=\"569\" src=\"https:\/\/www.klacianskamagura.sk\/wp-content\/uploads\/2019\/08\/room-3-700x569.jpg\" class=\"attachment-erios-gallery-image size-erios-gallery-image wp-post-image\" alt=\"\" srcset=\"https:\/\/www.klacianskamagura.sk\/wp-content\/uploads\/2019\/08\/room-3-700x569.jpg 700w, https:\/\/www.klacianskamagura.sk\/wp-content\/uploads\/2019\/08\/room-3-300x244.jpg 300w, https:\/\/www.klacianskamagura.sk\/wp-content\/uploads\/2019\/08\/room-3-1024x833.jpg 1024w, https:\/\/www.klacianskamagura.sk\/wp-content\/uploads\/2019\/08\/room-3-768x624.jpg 768w, https:\/\/www.klacianskamagura.sk\/wp-content\/uploads\/2019\/08\/room-3.jpg 1230w\" sizes=\"(max-width: 700px) 100vw, 700px\" \/>            <\/div><!-- .post-thumbnail -->\n        \n        <div class=\"room-content\">\n            <div class=\"room-content-inner\">\n                \r\n\t<div class=\"rating\">\r\n\t\t\t<\/div>\r\n\n<div class=\"title\">\n    <h3 class=\"entry-title\">\n        <a href=\"https:\/\/www.klacianskamagura.sk\/en\/rooms\/3-lozko\/\">3-l\u00f4\u017ekov\u00e1 izba<\/a>\n    <\/h3>\n<\/div>\n\n\n    <div class=\"price\">\n        <span class=\"title-price\">From<\/span>\n\n\t\t            <span class=\"price_value price_min 1\" >0.0&euro;<\/span>\n\t\t\n        <span class=\"unit\">Night<\/span>\n    <\/div>\n            <\/div>\n        <\/div>\n    <\/div>\n<\/article><!-- #post-## --><\/div><div class=\"column-item room-entries __all\"><article id=\"post-740\" class=\"room post-740 hb_room type-hb_room status-publish has-post-thumbnail hentry\">\n    <div class=\"room-inner\">\n\n                    <div class=\"room-post-thumbnail\">\n                <img loading=\"lazy\" decoding=\"async\" width=\"700\" height=\"569\" src=\"https:\/\/www.klacianskamagura.sk\/wp-content\/uploads\/2019\/08\/room-4-700x569.jpg\" class=\"attachment-erios-gallery-image size-erios-gallery-image wp-post-image\" alt=\"\" srcset=\"https:\/\/www.klacianskamagura.sk\/wp-content\/uploads\/2019\/08\/room-4-700x569.jpg 700w, https:\/\/www.klacianskamagura.sk\/wp-content\/uploads\/2019\/08\/room-4-300x244.jpg 300w, https:\/\/www.klacianskamagura.sk\/wp-content\/uploads\/2019\/08\/room-4-1024x833.jpg 1024w, https:\/\/www.klacianskamagura.sk\/wp-content\/uploads\/2019\/08\/room-4-768x624.jpg 768w, https:\/\/www.klacianskamagura.sk\/wp-content\/uploads\/2019\/08\/room-4.jpg 1230w\" sizes=\"(max-width: 700px) 100vw, 700px\" \/>            <\/div><!-- .post-thumbnail -->\n        \n        <div class=\"room-content\">\n            <div class=\"room-content-inner\">\n                \r\n\t<div class=\"rating\">\r\n\t\t\t<\/div>\r\n\n<div class=\"title\">\n    <h3 class=\"entry-title\">\n        <a href=\"https:\/\/www.klacianskamagura.sk\/en\/rooms\/2-lozko\/\">2-l\u00f4\u017ekov\u00e1 izba<\/a>\n    <\/h3>\n<\/div>\n\n            <\/div>\n        <\/div>\n    <\/div>\n<\/article><!-- #post-## --><\/div>            <\/div>\n        <\/div>\n        \t\t<\/div>\n\t\t\t\t<\/div>\n\t\t\t\t\t<\/div>\n\t\t\t\t<\/div>\n\t\t\t\t<\/div>","protected":false},"excerpt":{"rendered":"<p>Poskytujeme noc\u013eah pre 31 \u013eud\u00ed (1x 10l\u00f4\u017ekov\u00e1 izba, 1x 4l\u00f4\u017ekov\u00e1 izba, 5x 3l\u00f4\u017ekov\u00e1 izba, 1x 2l\u00f4\u017ekov\u00e1 izba). Berte pros\u00edm na vedomie, \u017ee sme turistick\u00e1 chata a rozdelenie na izby sa preto ur\u010duje pod\u013ea aktu\u00e1lnej obsadenosti. Ubytovanie so psom NIE JE mo\u017en\u00e9. Cena za l\u00f4\u017eko je 22 \u20ac (zah\u0155\u0148a poste\u013en\u00e9 pr\u00e1dlo) \u010clenovia KST maj\u00fa 20 % &hellip; <span class=\"more-link-wrap\"><a href=\"https:\/\/www.klacianskamagura.sk\/en\/rooms\/2-lozko\/\" class=\"more-link\">Read More <span class=\"screen-reader-text\"> &#8222;2-l\u00f4\u017ekov\u00e1 izba&#8220;<\/span><\/a><\/span><\/p>","protected":false},"author":1,"featured_media":0,"parent":0,"menu_order":0,"comment_status":"closed","ping_status":"closed","template":"page-elementor.php","meta":{"inline_featured_image":false,"footnotes":""},"class_list":["post-1992","page","type-page","status-publish","hentry"],"_links":{"self":[{"href":"https:\/\/www.klacianskamagura.sk\/en\/wp-json\/wp\/v2\/pages\/1992"}],"collection":[{"href":"https:\/\/www.klacianskamagura.sk\/en\/wp-json\/wp\/v2\/pages"}],"about":[{"href":"https:\/\/www.klacianskamagura.sk\/en\/wp-json\/wp\/v2\/types\/page"}],"author":[{"embeddable":true,"href":"https:\/\/www.klacianskamagura.sk\/en\/wp-json\/wp\/v2\/users\/1"}],"replies":[{"embeddable":true,"href":"https:\/\/www.klacianskamagura.sk\/en\/wp-json\/wp\/v2\/comments?post=1992"}],"version-history":[{"count":16,"href":"https:\/\/www.klacianskamagura.sk\/en\/wp-json\/wp\/v2\/pages\/1992\/revisions"}],"predecessor-version":[{"id":5684,"href":"https:\/\/www.klacianskamagura.sk\/en\/wp-json\/wp\/v2\/pages\/1992\/revisions\/5684"}],"wp:attachment":[{"href":"https:\/\/www.klacianskamagura.sk\/en\/wp-json\/wp\/v2\/media?parent=1992"}],"curies":[{"name":"wp","href":"https:\/\/api.w.org\/{rel}","templated":true}]}}