{"id":1747,"date":"2019-12-03T03:21:39","date_gmt":"2019-12-03T03:21:39","guid":{"rendered":"http:\/\/source.wpopal.com\/erios\/hotel-rooms\/"},"modified":"2019-12-03T03:21:39","modified_gmt":"2019-12-03T03:21:39","slug":"hotel-rooms-2","status":"publish","type":"page","link":"https:\/\/www.klacianskamagura.sk\/en\/hotel-rooms-2\/","title":{"rendered":"Hotel Rooms"},"content":{"rendered":"<div class=\"container room-container\">\r\n\t\t\t\t<div class=\"sort-by-wrapper\">\r\n\t\t\t\t<div class=\"show-number\">\r\n\t\t\tShowing the last items of 6 results.\t\t<\/div>\r\n\r\n\t\t<div class=\"sort-by\">\r\n\t\t\t<span class=\"sort-by__label\">Sort By :<\/span>\r\n\t\t\t<div class=\"select\">\r\n\t\t\t\t<div class=\"toggle\">\r\n\t\t\t\t\tDefault (Newest)\t\t\t\t<\/div>\r\n\t\t\t\t<ul class=\"sort-by__list\">\r\n\t\t\t\t\t\t\t\t\t\t\t<li class=\"sort-by__list-item active\" data-value=\"date-desc\">\r\n\t\t\t\t\t\t\tDefault (Newest)\t\t\t\t\t\t<\/li>\r\n\t\t\t\t\t\t\t\t\t\t\t\t<li class=\"sort-by__list-item\" data-value=\"date-asc\">\r\n\t\t\t\t\t\t\tOldest\t\t\t\t\t\t<\/li>\r\n\t\t\t\t\t\t\t\t\t\t\t\t<li class=\"sort-by__list-item\" data-value=\"title-asc\">\r\n\t\t\t\t\t\t\tA to Z\t\t\t\t\t\t<\/li>\r\n\t\t\t\t\t\t\t\t\t\t\t\t<li class=\"sort-by__list-item\" data-value=\"title-desc\">\r\n\t\t\t\t\t\t\tZ to A\t\t\t\t\t\t<\/li>\r\n\t\t\t\t\t\t\t\t\t\t<\/ul>\r\n\t\t\t<\/div>\r\n\t\t<\/div>\r\n\t\t\t<\/div>\r\n\n<div class=\"rooms tp-hotel-booking\" data-elementor-columns =\"4\">\n    <article id=\"room-1760\" class=\"column-item post-1760 hb_room type-hb_room status-publish has-post-thumbnail hentry\">\n        <div class=\"room-inner\">\n            <div class=\"room-post-thumbnail\">\n                \r\n<div class=\"media\">\r\n\t<a href=\"https:\/\/www.klacianskamagura.sk\/en\/rooms\/10-lozko\/\"><img fetchpriority=\"high\" decoding=\"async\" src=\"https:\/\/www.klacianskamagura.sk\/wp-content\/uploads\/2019\/08\/room-1-270x270.jpg\" width=\"270\" height=\"270\" alt=\"\"\/><\/a>\r\n<\/div>\r\n\n\n    <div class=\"price\">\n        <span class=\"title-price\">From<\/span>\n\n\t\t            <span class=\"price_value price_min 1\" >22.0&euro;<\/span>\n\t\t\n        <span class=\"unit\">Night<\/span>\n    <\/div>\n            <\/div><!-- .post-thumbnail -->\n            <div class=\"room-content\">\n                <div class=\"room-content-inner\">\n                    \r\n\n<div class=\"title\">\n    <h3 class=\"entry-title\">\n        <a href=\"https:\/\/www.klacianskamagura.sk\/en\/rooms\/10-lozko\/\">10-l\u00f4\u017ekov\u00e1 izba<\/a>\n    <\/h3>\n<\/div>\n<div class=\"room-types\"><\/div>                <\/div>\n            <\/div>\n        <\/div>\n    <\/article><!-- #post-## -->\n\n\n    <article id=\"room-744\" class=\"column-item post-744 hb_room type-hb_room status-publish has-post-thumbnail hentry\">\n        <div class=\"room-inner\">\n            <div class=\"room-post-thumbnail\">\n                \r\n<div class=\"media\">\r\n\t<a href=\"https:\/\/www.klacianskamagura.sk\/en\/rooms\/4-lozko\/\"><img decoding=\"async\" src=\"https:\/\/www.klacianskamagura.sk\/wp-content\/uploads\/2019\/08\/room-2-270x270.jpg\" width=\"270\" height=\"270\" alt=\"\"\/><\/a>\r\n<\/div>\r\n\n\n    <div class=\"price\">\n        <span class=\"title-price\">From<\/span>\n\n\t\t            <span class=\"price_value price_min 1\" >0.0&euro;<\/span>\n\t\t\n        <span class=\"unit\">Night<\/span>\n    <\/div>\n            <\/div><!-- .post-thumbnail -->\n            <div class=\"room-content\">\n                <div class=\"room-content-inner\">\n                    \r\n\n<div class=\"title\">\n    <h3 class=\"entry-title\">\n        <a href=\"https:\/\/www.klacianskamagura.sk\/en\/rooms\/4-lozko\/\">4-l\u00f4\u017ekov\u00e1 izba<\/a>\n    <\/h3>\n<\/div>\n<div class=\"room-types\"><\/div>                <\/div>\n            <\/div>\n        <\/div>\n    <\/article><!-- #post-## -->\n\n\n    <article id=\"room-1759\" class=\"column-item post-1759 hb_room type-hb_room status-publish has-post-thumbnail hentry\">\n        <div class=\"room-inner\">\n            <div class=\"room-post-thumbnail\">\n                \r\n<div class=\"media\">\r\n\t<a href=\"https:\/\/www.klacianskamagura.sk\/en\/rooms\/3-lozko\/\"><img decoding=\"async\" src=\"https:\/\/www.klacianskamagura.sk\/wp-content\/uploads\/2019\/08\/room-3-270x270.jpg\" width=\"270\" height=\"270\" alt=\"\"\/><\/a>\r\n<\/div>\r\n\n\n    <div class=\"price\">\n        <span class=\"title-price\">From<\/span>\n\n\t\t            <span class=\"price_value price_min 1\" >0.0&euro;<\/span>\n\t\t\n        <span class=\"unit\">Night<\/span>\n    <\/div>\n            <\/div><!-- .post-thumbnail -->\n            <div class=\"room-content\">\n                <div class=\"room-content-inner\">\n                    \r\n\t<div class=\"rating\">\r\n\t\t\t<\/div>\r\n\n<div class=\"title\">\n    <h3 class=\"entry-title\">\n        <a href=\"https:\/\/www.klacianskamagura.sk\/en\/rooms\/3-lozko\/\">3-l\u00f4\u017ekov\u00e1 izba<\/a>\n    <\/h3>\n<\/div>\n<div class=\"room-types\"><\/div>                <\/div>\n            <\/div>\n        <\/div>\n    <\/article><!-- #post-## -->\n\n\n    <article id=\"room-740\" class=\"column-item post-740 hb_room type-hb_room status-publish has-post-thumbnail hentry\">\n        <div class=\"room-inner\">\n            <div class=\"room-post-thumbnail\">\n                \r\n<div class=\"media\">\r\n\t<a href=\"https:\/\/www.klacianskamagura.sk\/en\/rooms\/2-lozko\/\"><img loading=\"lazy\" decoding=\"async\" src=\"https:\/\/www.klacianskamagura.sk\/wp-content\/uploads\/2019\/08\/room-4-270x270.jpg\" width=\"270\" height=\"270\" alt=\"\"\/><\/a>\r\n<\/div>\r\n\n            <\/div><!-- .post-thumbnail -->\n            <div class=\"room-content\">\n                <div class=\"room-content-inner\">\n                    \r\n\t<div class=\"rating\">\r\n\t\t\t<\/div>\r\n\n<div class=\"title\">\n    <h3 class=\"entry-title\">\n        <a href=\"https:\/\/www.klacianskamagura.sk\/en\/rooms\/2-lozko\/\">2-l\u00f4\u017ekov\u00e1 izba<\/a>\n    <\/h3>\n<\/div>\n<div class=\"room-types\"><\/div>                <\/div>\n            <\/div>\n        <\/div>\n    <\/article><!-- #post-## -->\n\n\n    <article id=\"room-738\" class=\"column-item post-738 hb_room type-hb_room status-publish has-post-thumbnail hentry hb_room_type-20-m2 hb_room_type-balcony hb_room_type-lake-view\">\n        <div class=\"room-inner\">\n            <div class=\"room-post-thumbnail\">\n                \r\n<div class=\"media\">\r\n\t<a href=\"https:\/\/www.klacianskamagura.sk\/en\/rooms\/budget-room\/\"><img loading=\"lazy\" decoding=\"async\" src=\"https:\/\/www.klacianskamagura.sk\/wp-content\/uploads\/2019\/08\/room-5-270x270.jpg\" width=\"270\" height=\"270\" alt=\"\"\/><\/a>\r\n<\/div>\r\n\n            <\/div><!-- .post-thumbnail -->\n            <div class=\"room-content\">\n                <div class=\"room-content-inner\">\n                    \r\n\t<div class=\"rating\">\r\n\t\t\t<\/div>\r\n\n<div class=\"title\">\n    <h3 class=\"entry-title\">\n        <a href=\"https:\/\/www.klacianskamagura.sk\/en\/rooms\/budget-room\/\">Budget Room<\/a>\n    <\/h3>\n<\/div>\n<div class=\"room-types\"><a href=\"https:\/\/www.klacianskamagura.sk\/en\/room-type\/20-m2\/\" rel=\"tag\">20 m2<\/a><a href=\"https:\/\/www.klacianskamagura.sk\/en\/room-type\/balcony\/\" rel=\"tag\">Balcony<\/a><a href=\"https:\/\/www.klacianskamagura.sk\/en\/room-type\/lake-view\/\" rel=\"tag\">Lake view<\/a><\/div>                <\/div>\n            <\/div>\n        <\/div>\n    <\/article><!-- #post-## -->\n\n\n    <article id=\"room-736\" class=\"column-item post-736 hb_room type-hb_room status-publish has-post-thumbnail hentry hb_room_type-20-m2 hb_room_type-balcony hb_room_type-lake-view\">\n        <div class=\"room-inner\">\n            <div class=\"room-post-thumbnail\">\n                \r\n<div class=\"media\">\r\n\t<a href=\"https:\/\/www.klacianskamagura.sk\/en\/rooms\/single-room\/\"><img loading=\"lazy\" decoding=\"async\" src=\"https:\/\/www.klacianskamagura.sk\/wp-content\/uploads\/2019\/08\/room-6-270x270.jpg\" width=\"270\" height=\"270\" alt=\"\"\/><\/a>\r\n<\/div>\r\n\n            <\/div><!-- .post-thumbnail -->\n            <div class=\"room-content\">\n                <div class=\"room-content-inner\">\n                    \r\n\t<div class=\"rating\">\r\n\t\t\t<\/div>\r\n\n<div class=\"title\">\n    <h3 class=\"entry-title\">\n        <a href=\"https:\/\/www.klacianskamagura.sk\/en\/rooms\/single-room\/\">Single Room<\/a>\n    <\/h3>\n<\/div>\n<div class=\"room-types\"><a href=\"https:\/\/www.klacianskamagura.sk\/en\/room-type\/20-m2\/\" rel=\"tag\">20 m2<\/a><a href=\"https:\/\/www.klacianskamagura.sk\/en\/room-type\/balcony\/\" rel=\"tag\">Balcony<\/a><a href=\"https:\/\/www.klacianskamagura.sk\/en\/room-type\/lake-view\/\" rel=\"tag\">Lake view<\/a><\/div>                <\/div>\n            <\/div>\n        <\/div>\n    <\/article><!-- #post-## -->\n\n\n<\/div>\n\n\t\t<\/div>","protected":false},"excerpt":{"rendered":"","protected":false},"author":1,"featured_media":0,"parent":0,"menu_order":0,"comment_status":"closed","ping_status":"closed","template":"","meta":{"inline_featured_image":false,"footnotes":""},"class_list":["post-1747","page","type-page","status-publish","hentry"],"_links":{"self":[{"href":"https:\/\/www.klacianskamagura.sk\/en\/wp-json\/wp\/v2\/pages\/1747"}],"collection":[{"href":"https:\/\/www.klacianskamagura.sk\/en\/wp-json\/wp\/v2\/pages"}],"about":[{"href":"https:\/\/www.klacianskamagura.sk\/en\/wp-json\/wp\/v2\/types\/page"}],"author":[{"embeddable":true,"href":"https:\/\/www.klacianskamagura.sk\/en\/wp-json\/wp\/v2\/users\/1"}],"replies":[{"embeddable":true,"href":"https:\/\/www.klacianskamagura.sk\/en\/wp-json\/wp\/v2\/comments?post=1747"}],"version-history":[{"count":0,"href":"https:\/\/www.klacianskamagura.sk\/en\/wp-json\/wp\/v2\/pages\/1747\/revisions"}],"wp:attachment":[{"href":"https:\/\/www.klacianskamagura.sk\/en\/wp-json\/wp\/v2\/media?parent=1747"}],"curies":[{"name":"wp","href":"https:\/\/api.w.org\/{rel}","templated":true}]}}