{"id":119,"date":"2019-07-14T08:07:31","date_gmt":"2019-07-14T08:07:31","guid":{"rendered":"http:\/\/source.wpopal.com\/erios\/?page_id=119"},"modified":"2025-01-29T14:06:31","modified_gmt":"2025-01-29T14:06:31","slug":"rezervacia-ubytovania","status":"publish","type":"page","link":"https:\/\/www.klacianskamagura.sk\/en\/accommodation-reservation\/","title":{"rendered":"Accommodation reservation"},"content":{"rendered":"<div data-elementor-type=\"wp-post\" data-elementor-id=\"119\" class=\"elementor elementor-119\" data-elementor-post-type=\"page\">\n\t\t\t\t\t\t<section class=\"elementor-section elementor-top-section elementor-element elementor-element-1189c13 elementor-section-stretched elementor-section-content-middle elementor-section-boxed elementor-section-height-default elementor-section-height-default\" data-id=\"1189c13\" data-element_type=\"section\" data-settings=\"{&quot;stretch_section&quot;:&quot;section-stretched&quot;}\">\n\t\t\t\t\t\t<div class=\"elementor-container elementor-column-gap-no\">\n\t\t\t\t\t<div class=\"elementor-column elementor-col-50 elementor-top-column elementor-element elementor-element-f11a647\" data-id=\"f11a647\" data-element_type=\"column\">\n\t\t\t<div class=\"elementor-widget-wrap elementor-element-populated\">\n\t\t\t\t\t\t<div class=\"elementor-element elementor-element-de8a567 elementor-align-left animated-fast elementor-mobile-align-center elementor-invisible elementor-widget elementor-widget-heading\" data-id=\"de8a567\" data-element_type=\"widget\" data-settings=\"{&quot;_animation&quot;:&quot;opal-move-up&quot;}\" data-widget_type=\"heading.default\">\n\t\t\t\t<div class=\"elementor-widget-container\">\n\t\t\t<h2 class=\"elementor-heading-title elementor-size-default\">Contact us<\/h2>\t\t<\/div>\n\t\t\t\t<\/div>\n\t\t\t\t<div class=\"elementor-element elementor-element-feb2d30 animated-fast elementor-view-default elementor-position-top elementor-vertical-align-top elementor-invisible elementor-widget elementor-widget-icon-box\" data-id=\"feb2d30\" data-element_type=\"widget\" data-settings=\"{&quot;_animation&quot;:&quot;opal-move-up&quot;,&quot;_animation_delay&quot;:150}\" data-widget_type=\"icon-box.default\">\n\t\t\t\t<div class=\"elementor-widget-container\">\n\t\t\t        <div class=\"elementor-icon-box-wrapper\">\n                    <div class=\"elementor-icon-box-icon\">\n            <a class=\"elementor-icon elementor-animation-\" href=\"tel:0907338871\">\n            <i class=\"opal-icon-mobile-alt\" aria-hidden=\"true\"><\/i>\n            <\/a>\n            <\/div>\n                <div class=\"elementor-icon-box-content\">\n            <h3 class=\"elementor-icon-box-title\">\n                <a href=\"tel:0907338871\">Phone<\/a>\n            <\/h3>\n            <p class=\"elementor-icon-box-description\"><a href=\"tel:00421907338871\">00421 907 33 88 71<\/a><\/p>\n            <\/div>\n        <\/div>\n        \t\t<\/div>\n\t\t\t\t<\/div>\n\t\t\t\t<div class=\"elementor-element elementor-element-5b8c08e animated-fast elementor-invisible elementor-widget elementor-widget-text-editor\" data-id=\"5b8c08e\" data-element_type=\"widget\" data-settings=\"{&quot;_animation&quot;:&quot;opal-move-up&quot;}\" data-widget_type=\"text-editor.default\">\n\t\t\t\t<div class=\"elementor-widget-container\">\n\t\t\t        <div class=\"elementor-text-editor elementor-clearfix\"><p>Need help? Please, contact us by phone or send us e-mail.<\/p><\/div>\n        \t\t<\/div>\n\t\t\t\t<\/div>\n\t\t\t\t<div class=\"elementor-element elementor-element-fb2a70b animated-fast elementor-view-default elementor-position-top elementor-vertical-align-top elementor-invisible elementor-widget elementor-widget-icon-box\" data-id=\"fb2a70b\" data-element_type=\"widget\" data-settings=\"{&quot;_animation&quot;:&quot;opal-move-up&quot;,&quot;_animation_delay&quot;:150}\" data-widget_type=\"icon-box.default\">\n\t\t\t\t<div class=\"elementor-widget-container\">\n\t\t\t        <div class=\"elementor-icon-box-wrapper\">\n                    <div class=\"elementor-icon-box-icon\">\n            <a class=\"elementor-icon elementor-animation-\" href=\"mailto:info@klacianskamagura.sk\">\n            <i class=\"opal-icon-envelope\" aria-hidden=\"true\"><\/i>\n            <\/a>\n            <\/div>\n                <div class=\"elementor-icon-box-content\">\n            <h3 class=\"elementor-icon-box-title\">\n                <a href=\"mailto:info@klacianskamagura.sk\">Email<\/a>\n            <\/h3>\n            <p class=\"elementor-icon-box-description\"><a href=\"mailto:info@klacianskamagura.sk\">info@klacianskamagura.sk<\/a><\/p>\n            <\/div>\n        <\/div>\n        \t\t<\/div>\n\t\t\t\t<\/div>\n\t\t\t\t\t<\/div>\n\t\t<\/div>\n\t\t\t\t<div class=\"elementor-column elementor-col-50 elementor-top-column elementor-element elementor-element-80317b1\" data-id=\"80317b1\" data-element_type=\"column\">\n\t\t\t<div class=\"elementor-widget-wrap elementor-element-populated\">\n\t\t\t\t\t\t<div class=\"elementor-element elementor-element-27d054c fluentform-widget-submit-button-custom elementor-widget elementor-widget-fluent-form-widget\" data-id=\"27d054c\" data-element_type=\"widget\" data-widget_type=\"fluent-form-widget.default\">\n\t\t\t\t<div class=\"elementor-widget-container\">\n\t\t\t\n            <div class=\"fluentform-widget-wrapper fluentform-widget-align-default\">\n\n            \n            <div class='fluentform ff-default fluentform_wrapper_3 ffs_default_wrap'><form data-form_id=\"3\" id=\"fluentform_3\" class=\"frm-fluent-form fluent_form_3 ff-el-form-top ff_form_instance_3_1 ff-form-loading ffs_default\" data-form_instance=\"ff_form_instance_3_1\" method=\"POST\" action=\"\" ><fieldset  style=\"border: none!important;margin: 0!important;padding: 0!important;background-color: transparent!important;box-shadow: none!important;outline: none!important; min-inline-size: 100%;\">\n                    <legend class=\"ff_screen_reader_title\" style=\"display: block; margin: 0!important;padding: 0!important;height: 0!important;text-indent: -999999px;width: 0!important;overflow:hidden;\">Kontaktn\u00fd formul\u00e1r<\/legend><p style=\"display: none !important;\" class=\"akismet-fields-container\" data-prefix=\"ak_\"><label>&#916;<textarea name=\"ak_hp_textarea\" cols=\"45\" rows=\"8\" maxlength=\"100\"><\/textarea><\/label><input type=\"hidden\" id=\"ak_js_1\" name=\"ak_js\" value=\"84\"\/><script>document.getElementById( \"ak_js_1\" ).setAttribute( \"value\", ( new Date() ).getTime() );<\/script><\/p><input type='hidden' name='__fluent_form_embded_post_id' value='119' \/><input type=\"hidden\" id=\"_fluentform_3_fluentformnonce\" name=\"_fluentform_3_fluentformnonce\" value=\"72adee229c\" \/><input type=\"hidden\" name=\"_wp_http_referer\" value=\"\/en\/wp-json\/wp\/v2\/pages\/119\" \/><div data-type=\"name-element\" data-name=\"names\" class=\"ff-field_container ff-name-field-wrapper\" ><div class='ff-t-container'><div class='ff-t-cell'><div class='ff-el-group  ff-el-form-top'><div class=\"ff-el-input--label asterisk-right\"><label for='ff_3_names_first_name_' >Name<\/label><\/div><div class='ff-el-input--content'><input type=\"text\" name=\"names[first_name]\" id=\"ff_3_names_first_name_\" class=\"ff-el-form-control\" placeholder=\"Name\" aria-invalid=\"false\" aria-required=\"false\"><\/div><\/div><\/div><div class='ff-t-cell'><div class='ff-el-group  ff-el-form-top'><div class=\"ff-el-input--label asterisk-right\"><label for='ff_3_names_last_name_' >Surname<\/label><\/div><div class='ff-el-input--content'><input type=\"text\" name=\"names[last_name]\" id=\"ff_3_names_last_name_\" class=\"ff-el-form-control\" placeholder=\"Surname\" aria-invalid=\"false\" aria-required=\"false\"><\/div><\/div><\/div><\/div><\/div><div class='ff-el-group ff-el-form-top'><div class=\"ff-el-input--label ff-el-is-required asterisk-right\"><label for='ff_3_email' aria-label=\"Email\">Email<\/label><\/div><div class='ff-el-input--content'><input type=\"email\" name=\"email\" id=\"ff_3_email\" class=\"ff-el-form-control\" placeholder=\"E-mail address\" data-name=\"email\"  aria-invalid=\"false\" aria-required=\"true\"><\/div><\/div><div class='ff-el-group ff-el-form-top'><div class=\"ff-el-input--label asterisk-right\"><label for='ff_3_numeric_field' aria-label=\"Phone number\">Phone number<\/label><\/div><div class='ff-el-input--content'><input type=\"number\" name=\"numeric_field\" id=\"ff_3_numeric_field\" class=\"ff-el-form-control\" placeholder=\"Phone number\" data-name=\"numeric_field\" inputmode=\"numeric\" step=\"any\"  aria-invalid=\"false\" aria-required=\"false\"><\/div><\/div><div class='ff-el-group'><div class=\"ff-el-input--label ff-el-is-required asterisk-right\"><label for='ff_3_message' aria-label=\"Your message\">Your message<\/label><\/div><div class='ff-el-input--content'><textarea aria-invalid=\"false\" aria-required=\"true\" name=\"message\" id=\"ff_3_message\" class=\"ff-el-form-control\" placeholder=\"Your message\" rows=\"4\" cols=\"2\" data-name=\"message\" ><\/textarea><\/div><\/div><div class='ff-el-group    ff-el-input--content'><div class='ff-el-form-check ff-el-tc'><label aria-label='Terms and Conditions: Pre\u010d\u00edtal som si podmienky\u00a0a s\u00fahlas\u00edm s nimi. Contains 1 link. Use tab navigation to review.' class='ff-el-form-check-label ff_tc_label' for=\"terms-n-condition_5b8f8cfb50daee3b4b01f2ccdbf69bf8\"><span class='ff_tc_checkbox'><input type=\"checkbox\" name=\"terms-n-condition\" class=\"ff-el-form-check-input\" data-name=\"terms-n-condition\" id=\"terms-n-condition_5b8f8cfb50daee3b4b01f2ccdbf69bf8\"  value='on' aria-invalid='false' aria-required=\"true\"><\/span> <div class='ff_t_c'><p>I have read <strong><a href=\"https:\/\/www.klacianskamagura.sk\/en\/osobne-udaje\/\">the terms and conditions<\/a><\/strong>\u00a0and agree to them.<\/p><\/div><\/label><\/div><\/div><div class='ff-el-group ff-text-left ff_submit_btn_wrapper'><button type=\"submit\" class=\"ff-btn ff-btn-submit ff-btn-md ff_btn_style\" >Odosla\u0165 formul\u00e1r<\/button><\/div><\/fieldset><input type=\"hidden\" name=\"trp-form-language\" value=\"en\"\/><\/form><div id='fluentform_3_errors' class='ff-errors-in-stack ff_form_instance_3_1 ff-form-loading_errors ff_form_instance_3_1_errors'><\/div><\/div>        <script type=\"text\/javascript\">\n            window.fluent_form_ff_form_instance_3_1 = {\"id\":\"3\",\"settings\":{\"layout\":{\"labelPlacement\":\"top\",\"asteriskPlacement\":\"asterisk-right\",\"helpMessagePlacement\":\"with_label\",\"errorMessagePlacement\":\"inline\",\"cssClassName\":\"\"},\"restrictions\":{\"denyEmptySubmission\":{\"enabled\":false}}},\"form_instance\":\"ff_form_instance_3_1\",\"form_id_selector\":\"fluentform_3\",\"rules\":{\"names[first_name]\":{\"required\":{\"value\":false,\"message\":\"This field is required\",\"global\":true,\"global_message\":\"This field is required\"}},\"names[middle_name]\":{\"required\":{\"value\":false,\"message\":\"This field is required\",\"global\":true,\"global_message\":\"This field is required\"}},\"names[last_name]\":{\"required\":{\"value\":false,\"message\":\"This field is required\",\"global\":true,\"global_message\":\"This field is required\"}},\"email\":{\"required\":{\"value\":true,\"message\":\"This field is required\",\"global\":true,\"global_message\":\"This field is required\"},\"email\":{\"value\":true,\"message\":\"This field must contain a valid email\",\"global\":true,\"global_message\":\"This field must contain a valid email\"}},\"numeric_field\":{\"required\":{\"value\":false,\"message\":\"This field is required\",\"global_message\":\"This field is required\",\"global\":true},\"numeric\":{\"value\":true,\"message\":\"This field must contain numeric value\",\"global_message\":\"This field must contain numeric value\",\"global\":true},\"min\":{\"value\":\"\",\"message\":\"Validation fails for minimum value\",\"global_message\":\"Validation fails for minimum value\",\"global\":true},\"max\":{\"value\":\"\",\"message\":\"Validation fails for maximum value\",\"global_message\":\"Validation fails for maximum value\",\"global\":true},\"digits\":{\"value\":\"\",\"message\":\"Validation fails for limited digits\",\"global_message\":\"Validation fails for limited digits\",\"global\":true}},\"message\":{\"required\":{\"value\":true,\"message\":\"This field is required\",\"global\":true,\"global_message\":\"This field is required\"}},\"terms-n-condition\":{\"required\":{\"value\":true,\"message\":\"Toto pole je povinn\\u00e9.\",\"global_message\":\"This field is required\",\"global\":false}}},\"debounce_time\":300};\n                    <\/script>\n                    <\/div>\n\n            \t\t<\/div>\n\t\t\t\t<\/div>\n\t\t\t\t\t<\/div>\n\t\t<\/div>\n\t\t\t\t\t<\/div>\n\t\t<\/section>\n\t\t\t\t<section class=\"elementor-section elementor-top-section elementor-element elementor-element-8b6508b elementor-section-stretched elementor-section-boxed elementor-section-height-default elementor-section-height-default\" data-id=\"8b6508b\" data-element_type=\"section\" data-settings=\"{&quot;stretch_section&quot;:&quot;section-stretched&quot;,&quot;background_background&quot;:&quot;classic&quot;}\">\n\t\t\t\t\t\t<div class=\"elementor-container elementor-column-gap-no\">\n\t\t\t\t\t<div class=\"elementor-column elementor-col-100 elementor-top-column elementor-element elementor-element-fa4bd52\" data-id=\"fa4bd52\" data-element_type=\"column\">\n\t\t\t<div class=\"elementor-widget-wrap elementor-element-populated\">\n\t\t\t\t\t\t<div class=\"elementor-element elementor-element-ede6d7d elementor-widget elementor-widget-text-editor\" data-id=\"ede6d7d\" data-element_type=\"widget\" data-widget_type=\"text-editor.default\">\n\t\t\t\t<div class=\"elementor-widget-container\">\n\t\t\t        <div class=\"elementor-text-editor elementor-clearfix\"><p><iframe style=\"border: none;\" src=\"https:\/\/sk.frame.mapy.cz\/s\/fanavofeze\" width=\"100%\" height=\"680\" frameborder=\"0\"><\/iframe><\/p><\/div>\n        \t\t<\/div>\n\t\t\t\t<\/div>\n\t\t\t\t\t<\/div>\n\t\t<\/div>\n\t\t\t\t\t<\/div>\n\t\t<\/section>\n\t\t\t\t<\/div>","protected":false},"excerpt":{"rendered":"<p>Kontaktujte n\u00e1s Telef\u00f3n 00421 907 33 88 71 Potrebujete poradi\u0165? Pros\u00edm, kontaktujte n\u00e1s alebo n\u00e1m po\u0161lite e-mail. Email info@klacianskamagura.sk Contact Form Demo (#3) &#916; MenoPriezviskoEmailTelef\u00f3nne \u010d\u00edsloVa\u0161a spr\u00e1va Pre\u010d\u00edtal som si podmienky\u00a0a s\u00fahlas\u00edm s nimi. Submit Form<\/p>","protected":false},"author":1,"featured_media":0,"parent":0,"menu_order":0,"comment_status":"closed","ping_status":"closed","template":"page-elementor.php","meta":{"inline_featured_image":false,"footnotes":""},"class_list":["post-119","page","type-page","status-publish","hentry"],"_links":{"self":[{"href":"https:\/\/www.klacianskamagura.sk\/en\/wp-json\/wp\/v2\/pages\/119"}],"collection":[{"href":"https:\/\/www.klacianskamagura.sk\/en\/wp-json\/wp\/v2\/pages"}],"about":[{"href":"https:\/\/www.klacianskamagura.sk\/en\/wp-json\/wp\/v2\/types\/page"}],"author":[{"embeddable":true,"href":"https:\/\/www.klacianskamagura.sk\/en\/wp-json\/wp\/v2\/users\/1"}],"replies":[{"embeddable":true,"href":"https:\/\/www.klacianskamagura.sk\/en\/wp-json\/wp\/v2\/comments?post=119"}],"version-history":[{"count":119,"href":"https:\/\/www.klacianskamagura.sk\/en\/wp-json\/wp\/v2\/pages\/119\/revisions"}],"predecessor-version":[{"id":7074,"href":"https:\/\/www.klacianskamagura.sk\/en\/wp-json\/wp\/v2\/pages\/119\/revisions\/7074"}],"wp:attachment":[{"href":"https:\/\/www.klacianskamagura.sk\/en\/wp-json\/wp\/v2\/media?parent=119"}],"curies":[{"name":"wp","href":"https:\/\/api.w.org\/{rel}","templated":true}]}}