{"id":101,"date":"2019-07-14T04:18:37","date_gmt":"2019-07-14T04:18:37","guid":{"rendered":"http:\/\/source.wpopal.com\/erios\/?page_id=101"},"modified":"2025-01-08T13:10:26","modified_gmt":"2025-01-08T13:10:26","slug":"ubytovanie-u-nas","status":"publish","type":"page","link":"https:\/\/www.klacianskamagura.sk\/en\/accomodation\/","title":{"rendered":"Accomodation"},"content":{"rendered":"<div data-elementor-type=\"wp-post\" data-elementor-id=\"101\" class=\"elementor elementor-101\" data-elementor-post-type=\"page\">\n\t\t\t\t\t\t<section class=\"elementor-section elementor-top-section elementor-element elementor-element-5341c2fc elementor-section-stretched elementor-reverse-tablet elementor-reverse-mobile elementor-section-boxed elementor-section-height-default elementor-section-height-default\" data-id=\"5341c2fc\" data-element_type=\"section\" data-settings=\"{&quot;stretch_section&quot;:&quot;section-stretched&quot;,&quot;background_background&quot;:&quot;classic&quot;}\">\n\t\t\t\t\t\t<div class=\"elementor-container elementor-column-gap-no\">\n\t\t\t\t\t<div class=\"elementor-column elementor-col-50 elementor-top-column elementor-element elementor-element-73fa17c3\" data-id=\"73fa17c3\" data-element_type=\"column\">\n\t\t\t<div class=\"elementor-widget-wrap elementor-element-populated\">\n\t\t\t\t\t\t<div class=\"elementor-element elementor-element-e036648 elementor-align-center elementor-widget elementor-widget-heading\" data-id=\"e036648\" data-element_type=\"widget\" data-widget_type=\"heading.default\">\n\t\t\t\t<div class=\"elementor-widget-container\">\n\t\t\t<span class=\"sub-title\">Capacity<\/span><h2 class=\"elementor-heading-title elementor-size-default\">40 beds<\/h2>\t\t<\/div>\n\t\t\t\t<\/div>\n\t\t\t\t<div class=\"elementor-element elementor-element-193bfea1 elementor-widget elementor-widget-text-editor\" data-id=\"193bfea1\" data-element_type=\"widget\" data-widget_type=\"text-editor.default\">\n\t\t\t\t<div class=\"elementor-widget-container\">\n\t\t\t        <div class=\"elementor-text-editor elementor-clearfix\"><p><strong>ROOM - price per bed is 25 \u20ac<\/strong> (includes bed linen).<\/p><p><strong> DORMITORY<\/strong> (5 mattrasses in the attic) \u2013<strong> price<\/strong> <strong>per person is 20<\/strong>\u00a0\u20ac\u00a0<\/p><p>KST members receive a 20% discount (upon presenting a valid membership card). Card payments are accepted.<\/p><p><em>Loud parties are not allowed at the mountain tourist cottage, and nighttime silence is respected from 10:00 p.m. with respect to other guests. <\/em><\/p><p>Accommodation with dogs is NOT allowed.<\/p><p><strong>Prices are valid from December 1, 2024.\u00a0<\/strong><\/p><\/div>\n        \t\t<\/div>\n\t\t\t\t<\/div>\n\t\t\t\t\t<\/div>\n\t\t<\/div>\n\t\t\t\t<div class=\"elementor-column elementor-col-50 elementor-top-column elementor-element elementor-element-34a271ea opal-image-clip-left-md animated-fast elementor-invisible\" data-id=\"34a271ea\" data-element_type=\"column\" data-settings=\"{&quot;animation&quot;:&quot;opal-move-up&quot;}\">\n\t\t\t<div class=\"elementor-widget-wrap elementor-element-populated\">\n\t\t\t\t\t\t<div class=\"elementor-element elementor-element-6ad8ab61 elementor-widget elementor-widget-image\" data-id=\"6ad8ab61\" data-element_type=\"widget\" data-widget_type=\"image.default\">\n\t\t\t\t<div class=\"elementor-widget-container\">\n\t\t\t\t\t\t\t\t\t\t\t\t\t<img fetchpriority=\"high\" decoding=\"async\" width=\"852\" height=\"732\" src=\"https:\/\/www.klacianskamagura.sk\/wp-content\/uploads\/2025\/01\/Snimka-obrazovky-2025-01-08-140945.png\" class=\"attachment-full size-full wp-image-7045\" alt=\"\" srcset=\"https:\/\/www.klacianskamagura.sk\/wp-content\/uploads\/2025\/01\/Snimka-obrazovky-2025-01-08-140945.png 852w, https:\/\/www.klacianskamagura.sk\/wp-content\/uploads\/2025\/01\/Snimka-obrazovky-2025-01-08-140945-300x258.png 300w, https:\/\/www.klacianskamagura.sk\/wp-content\/uploads\/2025\/01\/Snimka-obrazovky-2025-01-08-140945-768x660.png 768w, https:\/\/www.klacianskamagura.sk\/wp-content\/uploads\/2025\/01\/Snimka-obrazovky-2025-01-08-140945-14x12.png 14w, https:\/\/www.klacianskamagura.sk\/wp-content\/uploads\/2025\/01\/Snimka-obrazovky-2025-01-08-140945-700x601.png 700w\" sizes=\"(max-width: 852px) 100vw, 852px\" \/>\t\t\t\t\t\t\t\t\t\t\t\t\t<\/div>\n\t\t\t\t<\/div>\n\t\t\t\t\t<\/div>\n\t\t<\/div>\n\t\t\t\t\t<\/div>\n\t\t<\/section>\n\t\t\t\t<section class=\"elementor-section elementor-top-section elementor-element elementor-element-4d765c7 elementor-section-boxed elementor-section-height-default elementor-section-height-default\" data-id=\"4d765c7\" data-element_type=\"section\" data-settings=\"{&quot;background_background&quot;:&quot;classic&quot;}\">\n\t\t\t\t\t\t<div class=\"elementor-container elementor-column-gap-no\">\n\t\t\t\t\t<div class=\"elementor-column elementor-col-50 elementor-top-column elementor-element elementor-element-5c91265\" data-id=\"5c91265\" data-element_type=\"column\">\n\t\t\t<div class=\"elementor-widget-wrap elementor-element-populated\">\n\t\t\t\t\t\t<div class=\"elementor-element elementor-element-e103b1a elementor-widget elementor-widget-image\" data-id=\"e103b1a\" data-element_type=\"widget\" data-widget_type=\"image.default\">\n\t\t\t\t<div class=\"elementor-widget-container\">\n\t\t\t\t\t\t\t\t\t\t\t\t\t<img decoding=\"async\" src=\"https:\/\/www.klacianskamagura.sk\/wp-content\/uploads\/elementor\/thumbs\/20241210_152429-qzpc7xr0az4lkdkkek65lxvpa1tbgr89j1bvc2su1g.jpg\" title=\"20241210_152429\" alt=\"20241210_152429\" loading=\"lazy\" \/>\t\t\t\t\t\t\t\t\t\t\t\t\t<\/div>\n\t\t\t\t<\/div>\n\t\t\t\t\t<\/div>\n\t\t<\/div>\n\t\t\t\t<div class=\"elementor-column elementor-col-50 elementor-top-column elementor-element elementor-element-2859d0b animated-fast elementor-invisible\" data-id=\"2859d0b\" data-element_type=\"column\" data-settings=\"{&quot;background_background&quot;:&quot;classic&quot;,&quot;animation&quot;:&quot;opal-move-up&quot;,&quot;animation_delay&quot;:200}\">\n\t\t\t<div class=\"elementor-widget-wrap elementor-element-populated\">\n\t\t\t\t\t\t<div class=\"elementor-element elementor-element-602fee4 animated-fast elementor-invisible elementor-widget elementor-widget-heading\" data-id=\"602fee4\" data-element_type=\"widget\" data-settings=\"{&quot;_animation&quot;:&quot;opal-move-up&quot;}\" data-widget_type=\"heading.default\">\n\t\t\t\t<div class=\"elementor-widget-container\">\n\t\t\t<h4 class=\"elementor-heading-title elementor-size-default\">1 x 10-bed room<\/h4>\t\t<\/div>\n\t\t\t\t<\/div>\n\t\t\t\t\t<\/div>\n\t\t<\/div>\n\t\t\t\t\t<\/div>\n\t\t<\/section>\n\t\t\t\t<section class=\"elementor-section elementor-top-section elementor-element elementor-element-242c77c elementor-section-boxed elementor-section-height-default elementor-section-height-default\" data-id=\"242c77c\" data-element_type=\"section\" data-settings=\"{&quot;background_background&quot;:&quot;classic&quot;}\">\n\t\t\t\t\t\t<div class=\"elementor-container elementor-column-gap-no\">\n\t\t\t\t\t<div class=\"elementor-column elementor-col-50 elementor-top-column elementor-element elementor-element-5e5155e\" data-id=\"5e5155e\" data-element_type=\"column\">\n\t\t\t<div class=\"elementor-widget-wrap elementor-element-populated\">\n\t\t\t\t\t\t<div class=\"elementor-element elementor-element-cd14f96 elementor-widget elementor-widget-image\" data-id=\"cd14f96\" data-element_type=\"widget\" data-widget_type=\"image.default\">\n\t\t\t\t<div class=\"elementor-widget-container\">\n\t\t\t\t\t\t\t\t\t\t\t\t\t<img decoding=\"async\" src=\"https:\/\/www.klacianskamagura.sk\/wp-content\/uploads\/elementor\/thumbs\/20241204_154723-scaled-qzpca4pg924onmdvliatfdyf6f05fbxptw4nnbjris.jpg\" title=\"20241204_154723\" alt=\"20241204_154723\" loading=\"lazy\" \/>\t\t\t\t\t\t\t\t\t\t\t\t\t<\/div>\n\t\t\t\t<\/div>\n\t\t\t\t\t<\/div>\n\t\t<\/div>\n\t\t\t\t<div class=\"elementor-column elementor-col-50 elementor-top-column elementor-element elementor-element-1a4e371 animated-fast elementor-invisible\" data-id=\"1a4e371\" data-element_type=\"column\" data-settings=\"{&quot;background_background&quot;:&quot;classic&quot;,&quot;animation&quot;:&quot;opal-move-up&quot;,&quot;animation_delay&quot;:200}\">\n\t\t\t<div class=\"elementor-widget-wrap elementor-element-populated\">\n\t\t\t\t\t\t<div class=\"elementor-element elementor-element-ef36c38 animated-fast elementor-invisible elementor-widget elementor-widget-heading\" data-id=\"ef36c38\" data-element_type=\"widget\" data-settings=\"{&quot;_animation&quot;:&quot;opal-move-up&quot;}\" data-widget_type=\"heading.default\">\n\t\t\t\t<div class=\"elementor-widget-container\">\n\t\t\t<h4 class=\"elementor-heading-title elementor-size-default\">5 x 4-bed room<\/h4>\t\t<\/div>\n\t\t\t\t<\/div>\n\t\t\t\t\t<\/div>\n\t\t<\/div>\n\t\t\t\t\t<\/div>\n\t\t<\/section>\n\t\t\t\t<section class=\"elementor-section elementor-top-section elementor-element elementor-element-3305136 elementor-section-boxed elementor-section-height-default elementor-section-height-default\" data-id=\"3305136\" data-element_type=\"section\" data-settings=\"{&quot;background_background&quot;:&quot;classic&quot;}\">\n\t\t\t\t\t\t<div class=\"elementor-container elementor-column-gap-no\">\n\t\t\t\t\t<div class=\"elementor-column elementor-col-50 elementor-top-column elementor-element elementor-element-5d612fe\" data-id=\"5d612fe\" data-element_type=\"column\">\n\t\t\t<div class=\"elementor-widget-wrap elementor-element-populated\">\n\t\t\t\t\t\t<div class=\"elementor-element elementor-element-183488e elementor-widget elementor-widget-image\" data-id=\"183488e\" data-element_type=\"widget\" data-widget_type=\"image.default\">\n\t\t\t\t<div class=\"elementor-widget-container\">\n\t\t\t\t\t\t\t\t\t\t\t\t\t<img decoding=\"async\" src=\"https:\/\/www.klacianskamagura.sk\/wp-content\/uploads\/elementor\/thumbs\/20241005_105459-rotated-qzpcbrxa7mdqz1zuzpwbah0glow9w9gt2188vr3yms.jpg\" title=\"20241005_105459\" alt=\"20241005_105459\" loading=\"lazy\" \/>\t\t\t\t\t\t\t\t\t\t\t\t\t<\/div>\n\t\t\t\t<\/div>\n\t\t\t\t\t<\/div>\n\t\t<\/div>\n\t\t\t\t<div class=\"elementor-column elementor-col-50 elementor-top-column elementor-element elementor-element-e59df74 animated-fast elementor-invisible\" data-id=\"e59df74\" data-element_type=\"column\" data-settings=\"{&quot;background_background&quot;:&quot;classic&quot;,&quot;animation&quot;:&quot;opal-move-up&quot;,&quot;animation_delay&quot;:200}\">\n\t\t\t<div class=\"elementor-widget-wrap elementor-element-populated\">\n\t\t\t\t\t\t<div class=\"elementor-element elementor-element-3403473 animated-fast elementor-invisible elementor-widget elementor-widget-heading\" data-id=\"3403473\" data-element_type=\"widget\" data-settings=\"{&quot;_animation&quot;:&quot;opal-move-up&quot;}\" data-widget_type=\"heading.default\">\n\t\t\t\t<div class=\"elementor-widget-container\">\n\t\t\t<h4 class=\"elementor-heading-title elementor-size-default\">2 x 3-bed room<\/h4>\t\t<\/div>\n\t\t\t\t<\/div>\n\t\t\t\t\t<\/div>\n\t\t<\/div>\n\t\t\t\t\t<\/div>\n\t\t<\/section>\n\t\t\t\t<section class=\"elementor-section elementor-top-section elementor-element elementor-element-f80641f elementor-section-boxed elementor-section-height-default elementor-section-height-default\" data-id=\"f80641f\" data-element_type=\"section\" data-settings=\"{&quot;background_background&quot;:&quot;classic&quot;}\">\n\t\t\t\t\t\t<div class=\"elementor-container elementor-column-gap-no\">\n\t\t\t\t\t<div class=\"elementor-column elementor-col-50 elementor-top-column elementor-element elementor-element-5aeeae8\" data-id=\"5aeeae8\" data-element_type=\"column\">\n\t\t\t<div class=\"elementor-widget-wrap elementor-element-populated\">\n\t\t\t\t\t\t<div class=\"elementor-element elementor-element-40c37bc elementor-widget elementor-widget-image\" data-id=\"40c37bc\" data-element_type=\"widget\" data-widget_type=\"image.default\">\n\t\t\t\t<div class=\"elementor-widget-container\">\n\t\t\t\t\t\t\t\t\t\t\t\t\t<img decoding=\"async\" src=\"https:\/\/www.klacianskamagura.sk\/wp-content\/uploads\/elementor\/thumbs\/2-lozko-qt9s6lcosehj3vph4byhkyl1bdfdhakob38qwm4hsk.jpeg\" title=\"\" alt=\"\" loading=\"lazy\" \/>\t\t\t\t\t\t\t\t\t\t\t\t\t<\/div>\n\t\t\t\t<\/div>\n\t\t\t\t\t<\/div>\n\t\t<\/div>\n\t\t\t\t<div class=\"elementor-column elementor-col-50 elementor-top-column elementor-element elementor-element-3ef09e4 animated-fast elementor-invisible\" data-id=\"3ef09e4\" data-element_type=\"column\" data-settings=\"{&quot;background_background&quot;:&quot;classic&quot;,&quot;animation&quot;:&quot;opal-move-up&quot;,&quot;animation_delay&quot;:200}\">\n\t\t\t<div class=\"elementor-widget-wrap elementor-element-populated\">\n\t\t\t\t\t\t<div class=\"elementor-element elementor-element-b067666 animated-fast elementor-invisible elementor-widget elementor-widget-heading\" data-id=\"b067666\" data-element_type=\"widget\" data-settings=\"{&quot;_animation&quot;:&quot;opal-move-up&quot;}\" data-widget_type=\"heading.default\">\n\t\t\t\t<div class=\"elementor-widget-container\">\n\t\t\t<h4 class=\"elementor-heading-title elementor-size-default\">2 x 2-bed room<\/h4>\t\t<\/div>\n\t\t\t\t<\/div>\n\t\t\t\t\t<\/div>\n\t\t<\/div>\n\t\t\t\t\t<\/div>\n\t\t<\/section>\n\t\t<div class=\"elementor-element elementor-element-2f95dc9 e-flex e-con-boxed e-con e-parent\" data-id=\"2f95dc9\" data-element_type=\"container\">\n\t\t\t\t\t<div class=\"e-con-inner\">\n\t\t\t\t\t<\/div>\n\t\t\t\t<\/div>\n\t\t\t\t<\/div>","protected":false},"excerpt":{"rendered":"<p>Kapacita 40 l\u00f4\u017eok IZBA &#8211; cena za l\u00f4\u017eko je 25 \u20ac (zah\u0155\u0148a poste\u013en\u00e9 pr\u00e1dlo). NOC\u013dAH\u00c1RE\u0147 (5 matrac\u00ed v podkrov\u00ed) \u2013 cena za osobu je 20\u00a0\u20ac\u00a0 \u010clenovia KST maj\u00fa 20 % z\u013eavu (po preuk\u00e1zan\u00ed sa platn\u00fdm preukazom). Akceptujeme aj platbu kartou. Na horskej turistickej chate nie s\u00fa dovolen\u00e9 hlu\u010dn\u00e9 oslavy a\u00a0re\u0161pektuje sa no\u010dn\u00fd k\u013eud od 22:00 &hellip; <span class=\"more-link-wrap\"><a href=\"https:\/\/www.klacianskamagura.sk\/en\/accomodation\/\" class=\"more-link\">Read More <span class=\"screen-reader-text\"> &#8222;Ubytovanie&#8220;<\/span><\/a><\/span><\/p>","protected":false},"author":1,"featured_media":0,"parent":0,"menu_order":0,"comment_status":"closed","ping_status":"closed","template":"page-elementor.php","meta":{"inline_featured_image":false,"footnotes":""},"class_list":["post-101","page","type-page","status-publish","hentry"],"_links":{"self":[{"href":"https:\/\/www.klacianskamagura.sk\/en\/wp-json\/wp\/v2\/pages\/101"}],"collection":[{"href":"https:\/\/www.klacianskamagura.sk\/en\/wp-json\/wp\/v2\/pages"}],"about":[{"href":"https:\/\/www.klacianskamagura.sk\/en\/wp-json\/wp\/v2\/types\/page"}],"author":[{"embeddable":true,"href":"https:\/\/www.klacianskamagura.sk\/en\/wp-json\/wp\/v2\/users\/1"}],"replies":[{"embeddable":true,"href":"https:\/\/www.klacianskamagura.sk\/en\/wp-json\/wp\/v2\/comments?post=101"}],"version-history":[{"count":143,"href":"https:\/\/www.klacianskamagura.sk\/en\/wp-json\/wp\/v2\/pages\/101\/revisions"}],"predecessor-version":[{"id":7048,"href":"https:\/\/www.klacianskamagura.sk\/en\/wp-json\/wp\/v2\/pages\/101\/revisions\/7048"}],"wp:attachment":[{"href":"https:\/\/www.klacianskamagura.sk\/en\/wp-json\/wp\/v2\/media?parent=101"}],"curies":[{"name":"wp","href":"https:\/\/api.w.org\/{rel}","templated":true}]}}